{"id":940,"date":"2015-12-14T17:11:44","date_gmt":"2015-12-14T17:11:44","guid":{"rendered":"http:\/\/royal-images.de\/?page_id=940"},"modified":"2020-05-07T11:53:29","modified_gmt":"2020-05-07T11:53:29","slug":"banderas","status":"publish","type":"page","link":"https:\/\/royal-images.de\/index.php\/banderas\/","title":{"rendered":"Banderas"},"content":{"rendered":"<div id=\"pl-940\"  class=\"panel-layout\" ><div id=\"pg-940-0\"  class=\"panel-grid panel-no-style\" ><div id=\"pgc-940-0-0\"  class=\"panel-grid-cell\" ><div id=\"panel-940-0-0-0\" class=\"so-panel widget widget_spacer panel-first-child\" data-index=\"0\" ><div\n\t\t\t\n\t\t\tclass=\"so-widget-spacer so-widget-spacer-spacer-style-d75171398898-940\"\n\t\t\t\n\t\t>\r\n\r\n\r\n\r\n\r\n<div class=\"spacer\" style=\"height: 3px\">\r\n<\/div><\/div><\/div><div id=\"panel-940-0-0-1\" class=\"so-panel widget widget_sow-editor\" data-index=\"1\" ><div\n\t\t\t\n\t\t\tclass=\"so-widget-sow-editor so-widget-sow-editor-base\"\n\t\t\t\n\t\t><h3 class=\"widget-title\">Banderas<\/h3>\n<div class=\"siteorigin-widget-tinymce textwidget\">\n\t<p>\u00bfBusca una bandera o un estandarte elegantes, de alta calidad y hechos a mano?<br \/> ...si es as\u00ed, \u00a1est\u00e1 en el lugar adecuado!<\/p>\n<h4>Un trabajo manual distinguido<\/h4>\n<p>Royal Images ofrece BANDERAS o ESTANDARTES de artesan\u00eda antigua y probada con su motivo, logotipo o blas\u00f3n hechos a mano, como por ejemplo<\/p>\n<ul>\n<li>Banderas de asociaciones<\/li>\n<li>Banderas de clubes<\/li>\n<li>Banderas de carnaval<\/li>\n<li>Banderas de clubes de tiro<\/li>\n<li>Banderas de camarader\u00edas<\/li>\n<li>Banderas de ciudades<\/li>\n<li>Banderas de iglesia<\/li>\n<li>Banderas para municipios<\/li>\n<\/ul>\n<p>El uso adicional de hilos met\u00e1licos refinados de oro y plata (bordados Bullion), su logotipo ampliado en una bandera de esta hechura tiene un efecto especialmente pl\u00e1stico y extremadamente noble.<\/p>\n<p>Bajo petici\u00f3n tambi\u00e9n suministramos sus banderas con flecos y, por supuesto, con los correspondientes ojales o lazos para su suspensi\u00f3n. Como material de base para su bandera, se puede elegir entre pura seda y terciopelo fino.<\/p>\n<hr \/>\n<h4>Oferta personalizada<\/h4>\n<p>\u00a1No lo dude y solicite su oferta personal hoy mismo, de forma f\u00e1cil, gratuita y sin compromiso!<\/p>\n<p>Una vez que tenemos el logotipo de su club en formato digital (jpg, pdf, png), le presentamos con mucho gusto diferentes propuestas para su aplicaci\u00f3n.<\/p>\n<\/div>\n<\/div><\/div><div id=\"panel-940-0-0-2\" class=\"so-panel widget widget_sow-button panel-last-child\" data-index=\"2\" ><div\n\t\t\t\n\t\t\tclass=\"so-widget-sow-button so-widget-sow-button-wire-450d48a19bc7-940\"\n\t\t\t\n\t\t><div class=\"ow-button-base ow-button-align-left\">\n\t<a href=\"https:\/\/royal-images.de\/index.php\/contacto\/\" class=\"ow-icon-placement-left ow-button-hover\" \t\t>\n\t\t<span>\n\t\t\t<span class=\"sow-icon-fontawesome sow-far\" data-sow-icon=\"&#xf1d8;\"\n\t\t \n\t\taria-hidden=\"true\"><\/span>\n\t\t\tPedir una oferta\t\t<\/span>\n\t<\/a>\n<\/div>\n<\/div><\/div><\/div><div id=\"pgc-940-0-1\"  class=\"panel-grid-cell\" ><div id=\"panel-940-0-1-0\" class=\"so-panel widget widget_spacer panel-first-child\" data-index=\"3\" ><div\n\t\t\t\n\t\t\tclass=\"so-widget-spacer so-widget-spacer-spacer-style-d75171398898-940\"\n\t\t\t\n\t\t>\r\n\r\n\r\n\r\n\r\n<div class=\"spacer\" style=\"height: 3px\">\r\n<\/div><\/div><\/div><div id=\"panel-940-0-1-1\" class=\"so-panel widget widget_sow-image\" data-index=\"4\" ><div class=\"panel-widget-style panel-widget-style-for-940-0-1-1\" ><div\n\t\t\t\n\t\t\tclass=\"so-widget-sow-image so-widget-sow-image-default-4b231843ec72-940\"\n\t\t\t\n\t\t>\n\n<div class=\"sow-image-container\">\n\t\t\t<a href=\"https:\/\/royal-images.de\/index.php\/banderines\/\"\n\t\t\t\t\t>\n\t\t\t<img src=\"https:\/\/royal-images.de\/wp-content\/uploads\/2015\/12\/cont-cat-banderines-img-royal-images.png\" width=\"600\" height=\"266\" srcset=\"https:\/\/royal-images.de\/wp-content\/uploads\/2015\/12\/cont-cat-banderines-img-royal-images.png 600w, https:\/\/royal-images.de\/wp-content\/uploads\/2015\/12\/cont-cat-banderines-img-royal-images-300x133.png 300w\" sizes=\"(max-width: 600px) 100vw, 600px\" title=\"Banderines\" alt=\"Banderines\" loading=\"lazy\" \t\tclass=\"so-widget-image\"\/>\n\t<\/a><\/div>\n\n<\/div><\/div><\/div><div id=\"panel-940-0-1-2\" class=\"so-panel widget widget_sow-image\" data-index=\"5\" ><div class=\"panel-widget-style panel-widget-style-for-940-0-1-2\" ><div\n\t\t\t\n\t\t\tclass=\"so-widget-sow-image so-widget-sow-image-default-4b231843ec72-940\"\n\t\t\t\n\t\t>\n\n<div class=\"sow-image-container\">\n\t\t\t<a href=\"https:\/\/royal-images.de\/index.php\/manteles\/\"\n\t\t\t\t\t>\n\t\t\t<img src=\"https:\/\/royal-images.de\/wp-content\/uploads\/2015\/12\/cont-cat-manteles-img-royal-images.png\" width=\"600\" height=\"266\" srcset=\"https:\/\/royal-images.de\/wp-content\/uploads\/2015\/12\/cont-cat-manteles-img-royal-images.png 600w, https:\/\/royal-images.de\/wp-content\/uploads\/2015\/12\/cont-cat-manteles-img-royal-images-300x133.png 300w\" sizes=\"(max-width: 600px) 100vw, 600px\" title=\"Manteles\" alt=\"Manteles\" loading=\"lazy\" \t\tclass=\"so-widget-image\"\/>\n\t<\/a><\/div>\n\n<\/div><\/div><\/div><div id=\"panel-940-0-1-3\" class=\"so-panel widget widget_sow-image\" data-index=\"6\" ><div class=\"panel-widget-style panel-widget-style-for-940-0-1-3\" ><div\n\t\t\t\n\t\t\tclass=\"so-widget-sow-image so-widget-sow-image-default-4b231843ec72-940\"\n\t\t\t\n\t\t>\n\n<div class=\"sow-image-container\">\n\t\t\t<a href=\"https:\/\/royal-images.de\/index.php\/cojines\/\"\n\t\t\t\t\t>\n\t\t\t<img src=\"https:\/\/royal-images.de\/wp-content\/uploads\/2015\/12\/cont-cat-cujines-img-royal-images.png\" width=\"600\" height=\"266\" srcset=\"https:\/\/royal-images.de\/wp-content\/uploads\/2015\/12\/cont-cat-cujines-img-royal-images.png 600w, https:\/\/royal-images.de\/wp-content\/uploads\/2015\/12\/cont-cat-cujines-img-royal-images-300x133.png 300w\" sizes=\"(max-width: 600px) 100vw, 600px\" title=\"Cojines\" alt=\"Cojines\" loading=\"lazy\" \t\tclass=\"so-widget-image\"\/>\n\t<\/a><\/div>\n\n<\/div><\/div><\/div><div id=\"panel-940-0-1-4\" class=\"so-panel widget widget_sow-image\" data-index=\"7\" ><div class=\"panel-widget-style panel-widget-style-for-940-0-1-4\" ><div\n\t\t\t\n\t\t\tclass=\"so-widget-sow-image so-widget-sow-image-default-4b231843ec72-940\"\n\t\t\t\n\t\t>\n\n<div class=\"sow-image-container\">\n\t\t\t<a href=\"https:\/\/royal-images.de\/index.php\/corbatas\/\"\n\t\t\t\t\t>\n\t\t\t<img src=\"https:\/\/royal-images.de\/wp-content\/uploads\/2015\/12\/cont-cat-corbatas-img-royal-images.png\" width=\"600\" height=\"266\" srcset=\"https:\/\/royal-images.de\/wp-content\/uploads\/2015\/12\/cont-cat-corbatas-img-royal-images.png 600w, https:\/\/royal-images.de\/wp-content\/uploads\/2015\/12\/cont-cat-corbatas-img-royal-images-300x133.png 300w\" sizes=\"(max-width: 600px) 100vw, 600px\" title=\"Corbatas\" alt=\"Corbatas\" loading=\"lazy\" \t\tclass=\"so-widget-image\"\/>\n\t<\/a><\/div>\n\n<\/div><\/div><\/div><div id=\"panel-940-0-1-5\" class=\"so-panel widget widget_sow-image\" data-index=\"8\" ><div class=\"panel-widget-style panel-widget-style-for-940-0-1-5\" ><div\n\t\t\t\n\t\t\tclass=\"so-widget-sow-image so-widget-sow-image-default-4b231843ec72-940\"\n\t\t\t\n\t\t>\n\n<div class=\"sow-image-container\">\n\t\t\t<a href=\"https:\/\/royal-images.de\/index.php\/insignias-del-clubes\/\"\n\t\t\t\t\t>\n\t\t\t<img src=\"https:\/\/royal-images.de\/wp-content\/uploads\/2015\/12\/cont-cat-insignias-de-club-img-royal-images.png\" width=\"600\" height=\"266\" srcset=\"https:\/\/royal-images.de\/wp-content\/uploads\/2015\/12\/cont-cat-insignias-de-club-img-royal-images.png 600w, https:\/\/royal-images.de\/wp-content\/uploads\/2015\/12\/cont-cat-insignias-de-club-img-royal-images-300x133.png 300w\" sizes=\"(max-width: 600px) 100vw, 600px\" title=\"Insignias de Clubes\" alt=\"Insignias de Clubes\" loading=\"lazy\" \t\tclass=\"so-widget-image\"\/>\n\t<\/a><\/div>\n\n<\/div><\/div><\/div><div id=\"panel-940-0-1-6\" class=\"so-panel widget widget_sow-image panel-last-child\" data-index=\"9\" ><div class=\"panel-widget-style panel-widget-style-for-940-0-1-6\" ><div\n\t\t\t\n\t\t\tclass=\"so-widget-sow-image so-widget-sow-image-default-4b231843ec72-940\"\n\t\t\t\n\t\t>\n\n<div class=\"sow-image-container\">\n\t\t\t<a href=\"https:\/\/royal-images.de\/index.php\/bag-tags-4\/\"\n\t\t\t\t\t>\n\t\t\t<img src=\"https:\/\/royal-images.de\/wp-content\/uploads\/2015\/10\/cont-cat-bagtags-img-royal-images.png\" width=\"600\" height=\"266\" srcset=\"https:\/\/royal-images.de\/wp-content\/uploads\/2015\/10\/cont-cat-bagtags-img-royal-images.png 600w, https:\/\/royal-images.de\/wp-content\/uploads\/2015\/10\/cont-cat-bagtags-img-royal-images-300x133.png 300w\" sizes=\"(max-width: 600px) 100vw, 600px\" title=\"Bag Tags\" alt=\"Bag Tags\" loading=\"lazy\" \t\tclass=\"so-widget-image\"\/>\n\t<\/a><\/div>\n\n<\/div><\/div><\/div><\/div><\/div><div id=\"pg-940-1\"  class=\"panel-grid panel-has-style\" ><div class=\"siteorigin-panels-stretch panel-row-style-full-width panel-row-style panel-row-style-for-940-1\" style=\"background-color: #191919; \" data-stretch-type=\"full\" ><div id=\"pgc-940-1-0\"  class=\"panel-grid-cell\" ><div id=\"panel-940-1-0-0\" class=\"so-panel widget widget_metaslider_widget panel-first-child panel-last-child\" data-index=\"10\" ><div id=\"metaslider-id-308\" style=\"max-width: 1080px;\" class=\"ml-slider-3-28-0 metaslider metaslider-flex metaslider-308 ml-slider nav-hidden\">\n    <div id=\"metaslider_container_308\">\n        <div id=\"metaslider_308\">\n            <ul aria-live=\"polite\" class=\"slides\">\n                <li style=\"display: block; width: 100%;\" class=\"slide-341 ms-image\"><img src=\"https:\/\/royal-images.de\/wp-content\/uploads\/2015\/10\/cont-product-slide-fahnen-1.png\" height=\"600\" width=\"1080\" alt=\"\" class=\"slider-308 slide-341\" \/><\/li>\n                <li style=\"display: none; width: 100%;\" class=\"slide-344 ms-image\"><img src=\"https:\/\/royal-images.de\/wp-content\/uploads\/2015\/10\/cont-product-slide-fahnen-4.png\" height=\"600\" width=\"1080\" alt=\"\" class=\"slider-308 slide-344\" \/><\/li>\n                <li style=\"display: none; width: 100%;\" class=\"slide-343 ms-image\"><img src=\"https:\/\/royal-images.de\/wp-content\/uploads\/2015\/10\/cont-product-slide-fahnen-3.png\" height=\"600\" width=\"1080\" alt=\"\" class=\"slider-308 slide-343\" \/><\/li>\n                <li style=\"display: none; width: 100%;\" class=\"slide-499 ms-image\"><img src=\"https:\/\/royal-images.de\/wp-content\/uploads\/2015\/11\/cont-product-slide-fahnen-2.png\" height=\"600\" width=\"1080\" alt=\"\" class=\"slider-308 slide-499\" \/><\/li>\n            <\/ul>\n        <\/div>\n        \n    <\/div>\n<\/div><\/div><\/div><\/div><\/div><\/div>","protected":false},"excerpt":{"rendered":"<p>\u00bfBusca una bandera o un estandarte elegantes, de alta calidad y hechos a mano? &#8230;si es as\u00ed, \u00a1est\u00e1 en el lugar adecuado!Un trabajo manual distinguidoRoyal Images ofrece BANDERAS o ESTANDARTES de artesan\u00eda antigua y probada con su motivo, logotipo o blas\u00f3n hechos a mano, como por ejemploBanderas de asociacionesBanderas de clubesBanderas de carnavalBanderas de clubes de tiroBanderas de camarader\u00edasBanderas de ciudadesBanderas de iglesiaBanderas para municipiosEl uso adicional de hilos met\u00e1licos refinados de oro y plata (bordados Bullion), su logotipo ampliado en una bandera de esta hechura tiene un efecto especialmente pl\u00e1stico y extremadamente noble.Bajo petici\u00f3n tambi\u00e9n suministramos sus banderas con flecos y, por supuesto, con los correspondientes ojales o lazos [&hellip;]<\/p>\n","protected":false},"author":3,"featured_media":0,"parent":0,"menu_order":0,"comment_status":"closed","ping_status":"open","template":"home-panels.php","meta":[],"language":[24],"_links":{"self":[{"href":"https:\/\/royal-images.de\/index.php\/wp-json\/wp\/v2\/pages\/940"}],"collection":[{"href":"https:\/\/royal-images.de\/index.php\/wp-json\/wp\/v2\/pages"}],"about":[{"href":"https:\/\/royal-images.de\/index.php\/wp-json\/wp\/v2\/types\/page"}],"author":[{"embeddable":true,"href":"https:\/\/royal-images.de\/index.php\/wp-json\/wp\/v2\/users\/3"}],"replies":[{"embeddable":true,"href":"https:\/\/royal-images.de\/index.php\/wp-json\/wp\/v2\/comments?post=940"}],"version-history":[{"count":4,"href":"https:\/\/royal-images.de\/index.php\/wp-json\/wp\/v2\/pages\/940\/revisions"}],"predecessor-version":[{"id":1001,"href":"https:\/\/royal-images.de\/index.php\/wp-json\/wp\/v2\/pages\/940\/revisions\/1001"}],"wp:attachment":[{"href":"https:\/\/royal-images.de\/index.php\/wp-json\/wp\/v2\/media?parent=940"}],"wp:term":[{"taxonomy":"language","embeddable":true,"href":"https:\/\/royal-images.de\/index.php\/wp-json\/wp\/v2\/language?post=940"}],"curies":[{"name":"wp","href":"https:\/\/api.w.org\/{rel}","templated":true}]}}