{"id":919,"date":"2015-12-14T16:28:52","date_gmt":"2015-12-14T16:28:52","guid":{"rendered":"http:\/\/royal-images.de\/?page_id=919"},"modified":"2020-05-07T11:53:29","modified_gmt":"2020-05-07T11:53:29","slug":"blason-familial","status":"publish","type":"page","link":"https:\/\/royal-images.de\/index.php\/blason-familial\/","title":{"rendered":"Blason familial"},"content":{"rendered":"<div id=\"pl-919\"  class=\"panel-layout\" ><div id=\"pg-919-0\"  class=\"panel-grid panel-no-style\" ><div id=\"pgc-919-0-0\"  class=\"panel-grid-cell\" ><div id=\"panel-919-0-0-0\" class=\"so-panel widget widget_spacer panel-first-child\" data-index=\"0\" ><div\n\t\t\t\n\t\t\tclass=\"so-widget-spacer so-widget-spacer-spacer-style-d75171398898-919\"\n\t\t\t\n\t\t>\r\n\r\n\r\n\r\n\r\n<div class=\"spacer\" style=\"height: 3px\">\r\n<\/div><\/div><\/div><div id=\"panel-919-0-0-1\" class=\"so-panel widget widget_sow-editor\" data-index=\"1\" ><div\n\t\t\t\n\t\t\tclass=\"so-widget-sow-editor so-widget-sow-editor-base\"\n\t\t\t\n\t\t><h3 class=\"widget-title\">Blason familial<\/h3>\n<div class=\"siteorigin-widget-tinymce textwidget\">\n\t<p>Vous poss\u00e9dez un blason familial ou un symbole h\u00e9raldique dans des lettres d'armoirie et vous souhaiteriez avoir un blason brod\u00e9 pour pouvoir le porter sur un blazer ou un autre v\u00eatement ?<\/p>\n<p>Faites confiance \u00e0 Royal Images, le sp\u00e9cialiste qui, depuis plus de 30 ans, brode \u00e0 la main selon la technique traditionnelle de grande qualit\u00e9 Bullion (autrement dit, en utilisant des fils d'or et d'argent) votre blason familial en respect des lois h\u00e9raldiques.<\/p>\n<h4>R\u00e9alisation \u00e0 la main d'une grande finesse<\/h4>\n<p>Un blason 100 % brod\u00e9 main, tr\u00e8s \u00e9l\u00e9gant, dont la qualit\u00e9 est clairement sup\u00e9rieure \u00e0 la production traditionnelle de masse.<br \/> Votre blason familial est brod\u00e9 \u00e0 la main selon un artisanat extr\u00eamement complexe et long et est ainsi tr\u00e8s esth\u00e9tique.<br \/> Il n'y a aucune limite de taille ou de forme, nous pouvons vous proposer une fabrication individuelle selon les possibilit\u00e9s suivantes :<\/p>\n<h4>Votre BLASON FAMILIAL!<\/h4>\n<ul>\n<li>\u00e0 coudre comme un badge de blazer traditionnel<\/li>\n<li>\u00e0 encadrer en tant que broderie de blason<\/li>\n<li>Votre blason sur un fanion<\/li>\n<li>Votre blason sur une housse de coussin en velours<\/li>\n<\/ul>\n<p>etc.<\/p>\n<p>Par exemple, nous avons d\u00e9j\u00e0 brod\u00e9 des housses de chaise pour des r\u00e9sidences nobiliaires ou fabriquer de grandes tentures murales<\/p>\n<hr \/>\n<h4>Offre personnalis\u00e9e<\/h4>\n<p>N'h\u00e9sitez pas et sollicitez aujourd'hui encore votre offre personnalis\u00e9e gratuite et sans obligation d\u2019achat\u00a0!<\/p>\n<p>D\u00e8s que nous aurons \u00e9labor\u00e9 le logo de votre club en format num\u00e9rique (jpg, pdf, gif, png), nous serons tr\u00e8s heureux de vous soumettre des propositions pour sa mise en \u0153uvre.<\/p>\n<\/div>\n<\/div><\/div><div id=\"panel-919-0-0-2\" class=\"so-panel widget widget_sow-button panel-last-child\" data-index=\"2\" ><div\n\t\t\t\n\t\t\tclass=\"so-widget-sow-button so-widget-sow-button-wire-450d48a19bc7-919\"\n\t\t\t\n\t\t><div class=\"ow-button-base ow-button-align-left\">\n\t<a href=\"https:\/\/royal-images.de\/index.php\/contact-fr\/\" class=\"ow-icon-placement-left ow-button-hover\" \t\t>\n\t\t<span>\n\t\t\t<span class=\"sow-icon-fontawesome sow-far\" data-sow-icon=\"&#xf1d8;\"\n\t\t \n\t\taria-hidden=\"true\"><\/span>\n\t\t\tSollicitez une offre\t\t<\/span>\n\t<\/a>\n<\/div>\n<\/div><\/div><\/div><div id=\"pgc-919-0-1\"  class=\"panel-grid-cell\" ><div id=\"panel-919-0-1-0\" class=\"so-panel widget widget_spacer panel-first-child\" data-index=\"3\" ><div\n\t\t\t\n\t\t\tclass=\"so-widget-spacer so-widget-spacer-spacer-style-d75171398898-919\"\n\t\t\t\n\t\t>\r\n\r\n\r\n\r\n\r\n<div class=\"spacer\" style=\"height: 3px\">\r\n<\/div><\/div><\/div><div id=\"panel-919-0-1-1\" class=\"so-panel widget widget_sow-image\" data-index=\"4\" ><div class=\"panel-widget-style panel-widget-style-for-919-0-1-1\" ><div\n\t\t\t\n\t\t\tclass=\"so-widget-sow-image so-widget-sow-image-default-4b231843ec72-919\"\n\t\t\t\n\t\t>\n\n<div class=\"sow-image-container\">\n\t\t\t<a href=\"https:\/\/royal-images.de\/index.php\/cravates\/\"\n\t\t\t\t\t>\n\t\t\t<img src=\"https:\/\/royal-images.de\/wp-content\/uploads\/2015\/12\/cont-cat-cravates-img-royal-images.png\" width=\"600\" height=\"266\" srcset=\"https:\/\/royal-images.de\/wp-content\/uploads\/2015\/12\/cont-cat-cravates-img-royal-images.png 600w, https:\/\/royal-images.de\/wp-content\/uploads\/2015\/12\/cont-cat-cravates-img-royal-images-300x133.png 300w\" sizes=\"(max-width: 600px) 100vw, 600px\" title=\"Cravates\" alt=\"Cravates\" loading=\"lazy\" \t\tclass=\"so-widget-image\"\/>\n\t<\/a><\/div>\n\n<\/div><\/div><\/div><div id=\"panel-919-0-1-2\" class=\"so-panel widget widget_sow-image\" data-index=\"5\" ><div class=\"panel-widget-style panel-widget-style-for-919-0-1-2\" ><div\n\t\t\t\n\t\t\tclass=\"so-widget-sow-image so-widget-sow-image-default-4b231843ec72-919\"\n\t\t\t\n\t\t>\n\n<div class=\"sow-image-container\">\n\t\t\t<a href=\"https:\/\/royal-images.de\/index.php\/des-badges-pour-clubs\/\"\n\t\t\t\t\t>\n\t\t\t<img src=\"https:\/\/royal-images.de\/wp-content\/uploads\/2015\/11\/cont-cat-badges-pour-clubs-img-royal-images.png\" width=\"600\" height=\"266\" srcset=\"https:\/\/royal-images.de\/wp-content\/uploads\/2015\/11\/cont-cat-badges-pour-clubs-img-royal-images.png 600w, https:\/\/royal-images.de\/wp-content\/uploads\/2015\/11\/cont-cat-badges-pour-clubs-img-royal-images-300x133.png 300w\" sizes=\"(max-width: 600px) 100vw, 600px\" title=\"Badges pour Clubs\" alt=\"Badges pour Clubs\" loading=\"lazy\" \t\tclass=\"so-widget-image\"\/>\n\t<\/a><\/div>\n\n<\/div><\/div><\/div><div id=\"panel-919-0-1-3\" class=\"so-panel widget widget_sow-image\" data-index=\"6\" ><div class=\"panel-widget-style panel-widget-style-for-919-0-1-3\" ><div\n\t\t\t\n\t\t\tclass=\"so-widget-sow-image so-widget-sow-image-default-4b231843ec72-919\"\n\t\t\t\n\t\t>\n\n<div class=\"sow-image-container\">\n\t\t\t<a href=\"https:\/\/royal-images.de\/index.php\/bag-tags-3\/\"\n\t\t\t\t\t>\n\t\t\t<img src=\"https:\/\/royal-images.de\/wp-content\/uploads\/2015\/10\/cont-cat-bagtags-img-royal-images.png\" width=\"600\" height=\"266\" srcset=\"https:\/\/royal-images.de\/wp-content\/uploads\/2015\/10\/cont-cat-bagtags-img-royal-images.png 600w, https:\/\/royal-images.de\/wp-content\/uploads\/2015\/10\/cont-cat-bagtags-img-royal-images-300x133.png 300w\" sizes=\"(max-width: 600px) 100vw, 600px\" title=\"Bag Tags\" alt=\"Bag Tags\" loading=\"lazy\" \t\tclass=\"so-widget-image\"\/>\n\t<\/a><\/div>\n\n<\/div><\/div><\/div><div id=\"panel-919-0-1-4\" class=\"so-panel widget widget_circleicon-widget\" data-index=\"7\" ><div class=\"panel-widget-style panel-widget-style-for-919-0-1-4\" >\t\t<div class=\"circle-icon-box circle-icon-position-top circle-icon-hide-box circle-icon-size-small\">\n\t\t\t<div class=\"circle-icon-wrapper\">\n\t\t\t\t\t\t\t\t<div class=\"circle-icon\" >\n\t\t\t\t\t<div class=\"fa fa-exclamation\" ><\/div>\t\t\t\t<\/div>\n\t\t\t\t\t\t\t<\/div>\n\n\t\t\t\t\t\t<h4 >Tuyau!<\/h4>\t\t\t\n\t\t\t<p class=\"text\" >BADGES MAGN\u00c9TIQUES \/ LOGOS MAGN\u00c9TIQUES - Nos badges de club sont command\u00e9s \u00e0 99\u00a0% avec notre fixation magn\u00e9tique sp\u00e9ciale\u00a0!<\/p>\t\t\t\t\t<\/div>\n\t\t<\/div><\/div><div id=\"panel-919-0-1-5\" class=\"so-panel widget widget_sow-image\" data-index=\"8\" ><div class=\"panel-widget-style panel-widget-style-for-919-0-1-5\" ><div\n\t\t\t\n\t\t\tclass=\"so-widget-sow-image so-widget-sow-image-default-4b231843ec72-919\"\n\t\t\t\n\t\t>\n\n<div class=\"sow-image-container\">\n\t\t\t<a href=\"https:\/\/royal-images.de\/index.php\/drapeaux\/\"\n\t\t\t\t\t>\n\t\t\t<img src=\"https:\/\/royal-images.de\/wp-content\/uploads\/2015\/12\/cont-cat-drapeaux-img-royal-images.png\" width=\"600\" height=\"266\" srcset=\"https:\/\/royal-images.de\/wp-content\/uploads\/2015\/12\/cont-cat-drapeaux-img-royal-images.png 600w, https:\/\/royal-images.de\/wp-content\/uploads\/2015\/12\/cont-cat-drapeaux-img-royal-images-300x133.png 300w\" sizes=\"(max-width: 600px) 100vw, 600px\" title=\"Drapeaux\" alt=\"Drapeaux\" loading=\"lazy\" \t\tclass=\"so-widget-image\"\/>\n\t<\/a><\/div>\n\n<\/div><\/div><\/div><div id=\"panel-919-0-1-6\" class=\"so-panel widget widget_sow-image panel-last-child\" data-index=\"9\" ><div class=\"panel-widget-style panel-widget-style-for-919-0-1-6\" ><div\n\t\t\t\n\t\t\tclass=\"so-widget-sow-image so-widget-sow-image-default-4b231843ec72-919\"\n\t\t\t\n\t\t>\n\n<div class=\"sow-image-container\">\n\t\t\t<a href=\"https:\/\/royal-images.de\/index.php\/fanions\/\"\n\t\t\t\t\t>\n\t\t\t<img src=\"https:\/\/royal-images.de\/wp-content\/uploads\/2015\/12\/cont-cat-fanions-img-royal-images.png\" width=\"600\" height=\"266\" srcset=\"https:\/\/royal-images.de\/wp-content\/uploads\/2015\/12\/cont-cat-fanions-img-royal-images.png 600w, https:\/\/royal-images.de\/wp-content\/uploads\/2015\/12\/cont-cat-fanions-img-royal-images-300x133.png 300w\" sizes=\"(max-width: 600px) 100vw, 600px\" title=\"Fanions\" alt=\"Fanions\" loading=\"lazy\" \t\tclass=\"so-widget-image\"\/>\n\t<\/a><\/div>\n\n<\/div><\/div><\/div><\/div><\/div><div id=\"pg-919-1\"  class=\"panel-grid panel-has-style\" ><div class=\"siteorigin-panels-stretch panel-row-style-full-width panel-row-style panel-row-style-for-919-1\" style=\"background-color: #191919; \" data-stretch-type=\"full\" ><div id=\"pgc-919-1-0\"  class=\"panel-grid-cell\" ><div id=\"panel-919-1-0-0\" class=\"so-panel widget widget_metaslider_widget panel-first-child panel-last-child\" data-index=\"10\" ><div id=\"metaslider-id-306\" style=\"max-width: 1080px;\" class=\"ml-slider-3-28-0 metaslider metaslider-flex metaslider-306 ml-slider nav-hidden\">\n    <div id=\"metaslider_container_306\">\n        <div id=\"metaslider_306\">\n            <ul aria-live=\"polite\" class=\"slides\">\n                <li style=\"display: block; width: 100%;\" class=\"slide-329 ms-image\"><img src=\"https:\/\/royal-images.de\/wp-content\/uploads\/2015\/10\/cont-product-slide-wappen-1.png\" height=\"600\" width=\"1080\" alt=\"\" class=\"slider-306 slide-329\" \/><\/li>\n                <li style=\"display: none; width: 100%;\" class=\"slide-330 ms-image\"><img src=\"https:\/\/royal-images.de\/wp-content\/uploads\/2015\/10\/cont-product-slide-wappen-2.png\" height=\"600\" width=\"1080\" alt=\"\" class=\"slider-306 slide-330\" \/><\/li>\n                <li style=\"display: none; width: 100%;\" class=\"slide-332 ms-image\"><img src=\"https:\/\/royal-images.de\/wp-content\/uploads\/2015\/10\/cont-product-slide-wappen-collage.png\" height=\"600\" width=\"1080\" alt=\"\" class=\"slider-306 slide-332\" \/><\/li>\n                <li style=\"display: none; width: 100%;\" class=\"slide-331 ms-image\"><img src=\"https:\/\/royal-images.de\/wp-content\/uploads\/2015\/10\/cont-product-slide-wappen-3.png\" height=\"600\" width=\"1080\" alt=\"\" class=\"slider-306 slide-331\" \/><\/li>\n            <\/ul>\n        <\/div>\n        \n    <\/div>\n<\/div><\/div><\/div><\/div><\/div><\/div>","protected":false},"excerpt":{"rendered":"<p>Vous poss\u00e9dez un blason familial ou un symbole h\u00e9raldique dans des lettres d&#8217;armoirie et vous souhaiteriez avoir un blason brod\u00e9 pour pouvoir le porter sur un blazer ou un autre v\u00eatement ? Faites confiance \u00e0 Royal Images, le sp\u00e9cialiste qui, depuis plus de 30 ans, brode \u00e0 la main selon la technique traditionnelle de grande qualit\u00e9 Bullion (autrement dit, en utilisant des fils d&#8217;or et d&#8217;argent) votre blason familial en respect des lois h\u00e9raldiques. R\u00e9alisation \u00e0 la main d&#8217;une grande finesse Un blason 100 % brod\u00e9 main, tr\u00e8s \u00e9l\u00e9gant, dont la qualit\u00e9 est clairement sup\u00e9rieure \u00e0 la production traditionnelle de masse. Votre blason familial est brod\u00e9 \u00e0 la main selon [&hellip;]<\/p>\n","protected":false},"author":3,"featured_media":0,"parent":0,"menu_order":0,"comment_status":"closed","ping_status":"open","template":"home-panels.php","meta":[],"language":[8],"_links":{"self":[{"href":"https:\/\/royal-images.de\/index.php\/wp-json\/wp\/v2\/pages\/919"}],"collection":[{"href":"https:\/\/royal-images.de\/index.php\/wp-json\/wp\/v2\/pages"}],"about":[{"href":"https:\/\/royal-images.de\/index.php\/wp-json\/wp\/v2\/types\/page"}],"author":[{"embeddable":true,"href":"https:\/\/royal-images.de\/index.php\/wp-json\/wp\/v2\/users\/3"}],"replies":[{"embeddable":true,"href":"https:\/\/royal-images.de\/index.php\/wp-json\/wp\/v2\/comments?post=919"}],"version-history":[{"count":6,"href":"https:\/\/royal-images.de\/index.php\/wp-json\/wp\/v2\/pages\/919\/revisions"}],"predecessor-version":[{"id":5648,"href":"https:\/\/royal-images.de\/index.php\/wp-json\/wp\/v2\/pages\/919\/revisions\/5648"}],"wp:attachment":[{"href":"https:\/\/royal-images.de\/index.php\/wp-json\/wp\/v2\/media?parent=919"}],"wp:term":[{"taxonomy":"language","embeddable":true,"href":"https:\/\/royal-images.de\/index.php\/wp-json\/wp\/v2\/language?post=919"}],"curies":[{"name":"wp","href":"https:\/\/api.w.org\/{rel}","templated":true}]}}