{"id":823,"date":"2015-12-08T15:43:40","date_gmt":"2015-12-08T15:43:40","guid":{"rendered":"http:\/\/royal-images.de\/?page_id=823"},"modified":"2020-05-07T11:53:29","modified_gmt":"2020-05-07T11:53:29","slug":"bag-tags-3","status":"publish","type":"page","link":"https:\/\/royal-images.de\/index.php\/bag-tags-3\/","title":{"rendered":"Bag Tags"},"content":{"rendered":"<div id=\"pl-823\"  class=\"panel-layout\" ><div id=\"pg-823-0\"  class=\"panel-grid panel-no-style\" ><div id=\"pgc-823-0-0\"  class=\"panel-grid-cell\" ><div id=\"panel-823-0-0-0\" class=\"so-panel widget widget_spacer panel-first-child\" data-index=\"0\" ><div\n\t\t\t\n\t\t\tclass=\"so-widget-spacer so-widget-spacer-spacer-style-d75171398898-823\"\n\t\t\t\n\t\t>\r\n\r\n\r\n\r\n\r\n<div class=\"spacer\" style=\"height: 3px\">\r\n<\/div><\/div><\/div><div id=\"panel-823-0-0-1\" class=\"so-panel widget widget_sow-editor\" data-index=\"1\" ><div\n\t\t\t\n\t\t\tclass=\"so-widget-sow-editor so-widget-sow-editor-base\"\n\t\t\t\n\t\t><h3 class=\"widget-title\">Bag Tags \/ Accroche-sacs de golf pour Golf BAGS<\/h3>\n<div class=\"siteorigin-widget-tinymce textwidget\">\n\t<p>Vous recherchez des accroche-sacs de golf hors du commun, des \u00ab Bag Tags\u00a0\u00bb pour votre club de golf?<\/p>\n<blockquote>\n<p>En plus d'accroche-sacs en plastique pour les sacs de golf avec une fine lani\u00e8re en cuir, Royal Images propose \u00e9galement un grand nombre de Bag Tags personnalis\u00e9s.<\/p>\n<\/blockquote>\n<p>Que penseriez-vous, par exemple, d'une beau et noble Bag Tag en cuir v\u00e9ritable?<\/p>\n<p>Notre offre\u00a0:<\/p>\n<ul>\n<li>Bag Tags de golf en cuir imprim\u00e9s sur le devant et sur le dos avec votre logo<\/li>\n<li>Bag Tags de golf en cuir avec l'embl\u00e8me de votre club brod\u00e9 \u00e0 la machine<\/li>\n<li>Bag Tags de golf en cuir avec l'embl\u00e8me de votre club brod\u00e9 \u00e0 la main<\/li>\n<\/ul>\n<p>Tous nos Bag Tags en cuir avec l'embl\u00e8me du club de golf brod\u00e9 peuvent \u00e9galement \u00eatre personnalis\u00e9s avec une impression suppl\u00e9mentaire sur le dos\u00a0; m\u00eame l'impression d'un nom est possible.<\/p>\n<hr \/>\n<h4>Offre personnalis\u00e9e<\/h4>\n<p>N'h\u00e9sitez pas et sollicitez aujourd'hui encore votre offre personnalis\u00e9e gratuite et sans obligation d\u2019achat!<\/p>\n<p>D\u00e8s que nous aurons \u00e9labor\u00e9 le logo de votre club en format num\u00e9rique (jpg, pdf, gif, png), nous serons tr\u00e8s heureux de vous soumettre des propositions pour sa mise en \u0153uvre.<\/p>\n<\/div>\n<\/div><\/div><div id=\"panel-823-0-0-2\" class=\"so-panel widget widget_sow-button panel-last-child\" data-index=\"2\" ><div\n\t\t\t\n\t\t\tclass=\"so-widget-sow-button so-widget-sow-button-wire-450d48a19bc7-823\"\n\t\t\t\n\t\t><div class=\"ow-button-base ow-button-align-left\">\n\t<a href=\"https:\/\/royal-images.de\/index.php\/contact-fr\/\" class=\"ow-icon-placement-left ow-button-hover\" \t\t>\n\t\t<span>\n\t\t\t<span class=\"sow-icon-fontawesome sow-far\" data-sow-icon=\"&#xf1d8;\"\n\t\t \n\t\taria-hidden=\"true\"><\/span>\n\t\t\tSollicitez une offre\t\t<\/span>\n\t<\/a>\n<\/div>\n<\/div><\/div><\/div><div id=\"pgc-823-0-1\"  class=\"panel-grid-cell\" ><div id=\"panel-823-0-1-0\" class=\"so-panel widget widget_spacer panel-first-child\" data-index=\"3\" ><div\n\t\t\t\n\t\t\tclass=\"so-widget-spacer so-widget-spacer-spacer-style-d75171398898-823\"\n\t\t\t\n\t\t>\r\n\r\n\r\n\r\n\r\n<div class=\"spacer\" style=\"height: 3px\">\r\n<\/div><\/div><\/div><div id=\"panel-823-0-1-1\" class=\"so-panel widget widget_sow-image\" data-index=\"4\" ><div class=\"panel-widget-style panel-widget-style-for-823-0-1-1\" ><div\n\t\t\t\n\t\t\tclass=\"so-widget-sow-image so-widget-sow-image-default-4b231843ec72-823\"\n\t\t\t\n\t\t>\n\n<div class=\"sow-image-container\">\n\t\t\t<a href=\"https:\/\/royal-images.de\/index.php\/des-badges-pour-clubs\/\"\n\t\t\t\t\t>\n\t\t\t<img src=\"https:\/\/royal-images.de\/wp-content\/uploads\/2015\/11\/cont-cat-badges-pour-clubs-img-royal-images.png\" width=\"600\" height=\"266\" srcset=\"https:\/\/royal-images.de\/wp-content\/uploads\/2015\/11\/cont-cat-badges-pour-clubs-img-royal-images.png 600w, https:\/\/royal-images.de\/wp-content\/uploads\/2015\/11\/cont-cat-badges-pour-clubs-img-royal-images-300x133.png 300w\" sizes=\"(max-width: 600px) 100vw, 600px\" title=\"Des Badges pour Clubes\" alt=\"Des Badges pour Clubes\" loading=\"lazy\" \t\tclass=\"so-widget-image\"\/>\n\t<\/a><\/div>\n\n<\/div><\/div><\/div><div id=\"panel-823-0-1-2\" class=\"so-panel widget widget_sow-image\" data-index=\"5\" ><div class=\"panel-widget-style panel-widget-style-for-823-0-1-2\" ><div\n\t\t\t\n\t\t\tclass=\"so-widget-sow-image so-widget-sow-image-default-4b231843ec72-823\"\n\t\t\t\n\t\t>\n\n<div class=\"sow-image-container\">\n\t\t\t<a href=\"https:\/\/royal-images.de\/index.php\/blason-familial\/\"\n\t\t\t\t\t>\n\t\t\t<img src=\"https:\/\/royal-images.de\/wp-content\/uploads\/2015\/10\/cont-cat-blason-familial-img-royal-images.png\" width=\"600\" height=\"266\" srcset=\"https:\/\/royal-images.de\/wp-content\/uploads\/2015\/10\/cont-cat-blason-familial-img-royal-images.png 600w, https:\/\/royal-images.de\/wp-content\/uploads\/2015\/10\/cont-cat-blason-familial-img-royal-images-300x133.png 300w\" sizes=\"(max-width: 600px) 100vw, 600px\" title=\"Blason Familial\" alt=\"Blason Familial\" loading=\"lazy\" \t\tclass=\"so-widget-image\"\/>\n\t<\/a><\/div>\n\n<\/div><\/div><\/div><div id=\"panel-823-0-1-3\" class=\"so-panel widget widget_sow-image\" data-index=\"6\" ><div class=\"panel-widget-style panel-widget-style-for-823-0-1-3\" ><div\n\t\t\t\n\t\t\tclass=\"so-widget-sow-image so-widget-sow-image-default-4b231843ec72-823\"\n\t\t\t\n\t\t>\n\n<div class=\"sow-image-container\">\n\t\t\t<a href=\"https:\/\/royal-images.de\/index.php\/fanions\/\"\n\t\t\t\t\t>\n\t\t\t<img src=\"https:\/\/royal-images.de\/wp-content\/uploads\/2015\/12\/cont-cat-fanions-img-royal-images.png\" width=\"600\" height=\"266\" srcset=\"https:\/\/royal-images.de\/wp-content\/uploads\/2015\/12\/cont-cat-fanions-img-royal-images.png 600w, https:\/\/royal-images.de\/wp-content\/uploads\/2015\/12\/cont-cat-fanions-img-royal-images-300x133.png 300w\" sizes=\"(max-width: 600px) 100vw, 600px\" title=\"Fanions\" alt=\"Fanions\" loading=\"lazy\" \t\tclass=\"so-widget-image\"\/>\n\t<\/a><\/div>\n\n<\/div><\/div><\/div><div id=\"panel-823-0-1-4\" class=\"so-panel widget widget_sow-image\" data-index=\"7\" ><div class=\"panel-widget-style panel-widget-style-for-823-0-1-4\" ><div\n\t\t\t\n\t\t\tclass=\"so-widget-sow-image so-widget-sow-image-default-4b231843ec72-823\"\n\t\t\t\n\t\t>\n\n<div class=\"sow-image-container\">\n\t\t\t<a href=\"https:\/\/royal-images.de\/index.php\/drapeaux\/\"\n\t\t\t\t\t>\n\t\t\t<img src=\"https:\/\/royal-images.de\/wp-content\/uploads\/2015\/12\/cont-cat-drapeaux-img-royal-images.png\" width=\"600\" height=\"266\" srcset=\"https:\/\/royal-images.de\/wp-content\/uploads\/2015\/12\/cont-cat-drapeaux-img-royal-images.png 600w, https:\/\/royal-images.de\/wp-content\/uploads\/2015\/12\/cont-cat-drapeaux-img-royal-images-300x133.png 300w\" sizes=\"(max-width: 600px) 100vw, 600px\" title=\"Drapeaux\" alt=\"Drapeaux\" loading=\"lazy\" \t\tclass=\"so-widget-image\"\/>\n\t<\/a><\/div>\n\n<\/div><\/div><\/div><div id=\"panel-823-0-1-5\" class=\"so-panel widget widget_sow-image panel-last-child\" data-index=\"8\" ><div class=\"panel-widget-style panel-widget-style-for-823-0-1-5\" ><div\n\t\t\t\n\t\t\tclass=\"so-widget-sow-image so-widget-sow-image-default-4b231843ec72-823\"\n\t\t\t\n\t\t>\n\n<div class=\"sow-image-container\">\n\t\t\t<a href=\"https:\/\/royal-images.de\/index.php\/nappes\/\"\n\t\t\t\t\t>\n\t\t\t<img src=\"https:\/\/royal-images.de\/wp-content\/uploads\/2015\/12\/cont-cat-nappes-img-royal-images.png\" width=\"600\" height=\"266\" srcset=\"https:\/\/royal-images.de\/wp-content\/uploads\/2015\/12\/cont-cat-nappes-img-royal-images.png 600w, https:\/\/royal-images.de\/wp-content\/uploads\/2015\/12\/cont-cat-nappes-img-royal-images-300x133.png 300w\" sizes=\"(max-width: 600px) 100vw, 600px\" title=\"Nappes\" alt=\"Nappes\" loading=\"lazy\" \t\tclass=\"so-widget-image\"\/>\n\t<\/a><\/div>\n\n<\/div><\/div><\/div><\/div><\/div><div id=\"pg-823-1\"  class=\"panel-grid panel-has-style\" ><div class=\"siteorigin-panels-stretch panel-row-style-full-width panel-row-style panel-row-style-for-823-1\" style=\"background-color: #191919; \" data-stretch-type=\"full\" ><div id=\"pgc-823-1-0\"  class=\"panel-grid-cell\" ><div id=\"panel-823-1-0-0\" class=\"so-panel widget widget_metaslider_widget panel-first-child panel-last-child\" data-index=\"9\" ><div id=\"metaslider-id-310\" style=\"max-width: 1080px;\" class=\"ml-slider-3-28-0 metaslider metaslider-flex metaslider-310 ml-slider nav-hidden\">\n    <div id=\"metaslider_container_310\">\n        <div id=\"metaslider_310\">\n            <ul aria-live=\"polite\" class=\"slides\">\n                <li style=\"display: block; width: 100%;\" class=\"slide-462 ms-image\"><img src=\"https:\/\/royal-images.de\/wp-content\/uploads\/2015\/10\/cont-product-slide-bagtags-3.png\" height=\"600\" width=\"1080\" alt=\"\" class=\"slider-310 slide-462\" \/><\/li>\n                <li style=\"display: none; width: 100%;\" class=\"slide-461 ms-image\"><img src=\"https:\/\/royal-images.de\/wp-content\/uploads\/2015\/10\/cont-product-slide-bagtags-2.png\" height=\"600\" width=\"1080\" alt=\"\" class=\"slider-310 slide-461\" \/><\/li>\n                <li style=\"display: none; width: 100%;\" class=\"slide-352 ms-image\"><img src=\"https:\/\/royal-images.de\/wp-content\/uploads\/2015\/10\/cont-product-slide-bagtags-1.png\" height=\"600\" width=\"1080\" alt=\"\" class=\"slider-310 slide-352\" \/><\/li>\n            <\/ul>\n        <\/div>\n        \n    <\/div>\n<\/div><\/div><\/div><\/div><\/div><\/div>","protected":false},"excerpt":{"rendered":"<p>Vous recherchez des accroche-sacs de golf hors du commun, des \u00ab Bag Tags\u00a0\u00bb pour votre club de golf?En plus d&#8217;accroche-sacs en plastique pour les sacs de golf avec une fine lani\u00e8re en cuir, Royal Images propose \u00e9galement un grand nombre de Bag Tags personnalis\u00e9s.Que penseriez-vous, par exemple, d&#8217;une beau et noble Bag Tag en cuir v\u00e9ritable?Notre offre\u00a0:Bag Tags de golf en cuir imprim\u00e9s sur le devant et sur le dos avec votre logoBag Tags de golf en cuir avec l&#8217;embl\u00e8me de votre club brod\u00e9 \u00e0 la machineBag Tags de golf en cuir avec l&#8217;embl\u00e8me de votre club brod\u00e9 \u00e0 la mainTous nos Bag Tags en cuir avec l&#8217;embl\u00e8me du club [&hellip;]<\/p>\n","protected":false},"author":3,"featured_media":0,"parent":0,"menu_order":0,"comment_status":"closed","ping_status":"open","template":"home-panels.php","meta":[],"language":[8],"_links":{"self":[{"href":"https:\/\/royal-images.de\/index.php\/wp-json\/wp\/v2\/pages\/823"}],"collection":[{"href":"https:\/\/royal-images.de\/index.php\/wp-json\/wp\/v2\/pages"}],"about":[{"href":"https:\/\/royal-images.de\/index.php\/wp-json\/wp\/v2\/types\/page"}],"author":[{"embeddable":true,"href":"https:\/\/royal-images.de\/index.php\/wp-json\/wp\/v2\/users\/3"}],"replies":[{"embeddable":true,"href":"https:\/\/royal-images.de\/index.php\/wp-json\/wp\/v2\/comments?post=823"}],"version-history":[{"count":3,"href":"https:\/\/royal-images.de\/index.php\/wp-json\/wp\/v2\/pages\/823\/revisions"}],"predecessor-version":[{"id":1017,"href":"https:\/\/royal-images.de\/index.php\/wp-json\/wp\/v2\/pages\/823\/revisions\/1017"}],"wp:attachment":[{"href":"https:\/\/royal-images.de\/index.php\/wp-json\/wp\/v2\/media?parent=823"}],"wp:term":[{"taxonomy":"language","embeddable":true,"href":"https:\/\/royal-images.de\/index.php\/wp-json\/wp\/v2\/language?post=823"}],"curies":[{"name":"wp","href":"https:\/\/api.w.org\/{rel}","templated":true}]}}