{"id":818,"date":"2015-12-08T15:32:10","date_gmt":"2015-12-08T15:32:10","guid":{"rendered":"http:\/\/royal-images.de\/?page_id=818"},"modified":"2015-12-08T15:34:16","modified_gmt":"2015-12-08T15:34:16","slug":"divers","status":"publish","type":"page","link":"https:\/\/royal-images.de\/index.php\/divers\/","title":{"rendered":"Divers"},"content":{"rendered":"<div id=\"pl-818\"  class=\"panel-layout\" ><div id=\"pg-818-0\"  class=\"panel-grid panel-no-style\" ><div id=\"pgc-818-0-0\"  class=\"panel-grid-cell\" ><div id=\"panel-818-0-0-0\" class=\"so-panel widget widget_spacer panel-first-child\" data-index=\"0\" ><div\n\t\t\t\n\t\t\tclass=\"so-widget-spacer so-widget-spacer-spacer-style-d75171398898-818\"\n\t\t\t\n\t\t>\r\n\r\n\r\n\r\n\r\n<div class=\"spacer\" style=\"height: 3px\">\r\n<\/div><\/div><\/div><div id=\"panel-818-0-0-1\" class=\"so-panel widget widget_sow-editor\" data-index=\"1\" ><div\n\t\t\t\n\t\t\tclass=\"so-widget-sow-editor so-widget-sow-editor-base\"\n\t\t\t\n\t\t><h3 class=\"widget-title\">Divers<\/h3>\n<div class=\"siteorigin-widget-tinymce textwidget\">\n\t<p>comme\u00a0: <br \/>des panneaux de bois avec votre blason en m\u00e9tal color\u00e9 et une banderole pour les accrocher ou de petits sacs de balles de golf avec le logo de votre club brod\u00e9 \u00e0 la main et bien plus encore...<\/p>\n<p>Nous exau\u00e7ons tous vos souhaits\u00a0!<\/p>\n<p>Contactez-nous, c'est avec plaisir que nous vous aiderons \u00e0 concr\u00e9tiser vos projets<\/p>\n<\/div>\n<\/div><\/div><div id=\"panel-818-0-0-2\" class=\"so-panel widget widget_sow-button panel-last-child\" data-index=\"2\" ><div\n\t\t\t\n\t\t\tclass=\"so-widget-sow-button so-widget-sow-button-wire-450d48a19bc7-818\"\n\t\t\t\n\t\t><div class=\"ow-button-base ow-button-align-left\">\n\t<a href=\"https:\/\/royal-images.de\/index.php\/contact-fr\/\" class=\"ow-icon-placement-left ow-button-hover\" target=\"_blank\" rel=\"noopener noreferrer\" \t\t>\n\t\t<span>\n\t\t\t<span class=\"sow-icon-fontawesome sow-fas\" data-sow-icon=\"&#xf232;\"\n\t\t \n\t\taria-hidden=\"true\"><\/span>\n\t\t\tSollicitez une offre\t\t<\/span>\n\t<\/a>\n<\/div>\n<\/div><\/div><\/div><div id=\"pgc-818-0-1\"  class=\"panel-grid-cell\" ><div id=\"panel-818-0-1-0\" class=\"so-panel widget widget_spacer panel-first-child\" data-index=\"3\" ><div\n\t\t\t\n\t\t\tclass=\"so-widget-spacer so-widget-spacer-spacer-style-d75171398898-818\"\n\t\t\t\n\t\t>\r\n\r\n\r\n\r\n\r\n<div class=\"spacer\" style=\"height: 3px\">\r\n<\/div><\/div><\/div><div id=\"panel-818-0-1-1\" class=\"so-panel widget widget_sow-image\" data-index=\"4\" ><div class=\"panel-widget-style panel-widget-style-for-818-0-1-1\" ><div\n\t\t\t\n\t\t\tclass=\"so-widget-sow-image so-widget-sow-image-default-4b231843ec72-818\"\n\t\t\t\n\t\t>\n\n<div class=\"sow-image-container\">\n\t\t\t<a href=\"https:\/\/royal-images.de\/index.php\/des-badges-pour-clubs\/\"\n\t\t\t\t\t>\n\t\t\t<img src=\"https:\/\/royal-images.de\/wp-content\/uploads\/2015\/11\/cont-cat-badges-pour-clubs-img-royal-images.png\" width=\"600\" height=\"266\" srcset=\"https:\/\/royal-images.de\/wp-content\/uploads\/2015\/11\/cont-cat-badges-pour-clubs-img-royal-images.png 600w, https:\/\/royal-images.de\/wp-content\/uploads\/2015\/11\/cont-cat-badges-pour-clubs-img-royal-images-300x133.png 300w\" sizes=\"(max-width: 600px) 100vw, 600px\" title=\"Des Badges pour Clubs\" alt=\"Des Badges pour Clubs\" loading=\"lazy\" \t\tclass=\"so-widget-image\"\/>\n\t<\/a><\/div>\n\n<\/div><\/div><\/div><div id=\"panel-818-0-1-2\" class=\"so-panel widget widget_circleicon-widget panel-last-child\" data-index=\"5\" ><div class=\"panel-widget-style panel-widget-style-for-818-0-1-2\" >\t\t<div class=\"circle-icon-box circle-icon-position-top circle-icon-hide-box circle-icon-size-small\">\n\t\t\t<div class=\"circle-icon-wrapper\">\n\t\t\t\t\t\t\t\t<div class=\"circle-icon\" >\n\t\t\t\t\t<div class=\"fa fa-exclamation\" ><\/div>\t\t\t\t<\/div>\n\t\t\t\t\t\t\t<\/div>\n\n\t\t\t\t\t\t<h4 >Tuyau!<\/h4>\t\t\t\n\t\t\t<p class=\"text\" >BADGES MAGN\u00c9TIQUES \/ LOGOS MAGN\u00c9TIQUES - Nos badges de club sont command\u00e9s \u00e0 99 % avec notre fixation magn\u00e9tique sp\u00e9ciale!<\/p>\t\t\t\t\t<\/div>\n\t\t<\/div><\/div><\/div><\/div><div id=\"pg-818-1\"  class=\"panel-grid panel-has-style\" ><div class=\"siteorigin-panels-stretch panel-row-style-full-width panel-row-style panel-row-style-for-818-1\" style=\"background-color: #191919; \" data-stretch-type=\"full\" ><div id=\"pgc-818-1-0\"  class=\"panel-grid-cell\" ><div id=\"panel-818-1-0-0\" class=\"so-panel widget widget_metaslider_widget panel-first-child panel-last-child\" data-index=\"6\" ><div id=\"metaslider-id-349\" style=\"max-width: 1080px;\" class=\"ml-slider-3-28-0 metaslider metaslider-flex metaslider-349 ml-slider nav-hidden\">\n    <div id=\"metaslider_container_349\">\n        <div id=\"metaslider_349\">\n            <ul aria-live=\"polite\" class=\"slides\">\n                <li style=\"display: block; width: 100%;\" class=\"slide-1485 ms-image\"><img src=\"https:\/\/royal-images.de\/wp-content\/uploads\/2016\/02\/cont-product-slide-extras-1.png\" height=\"600\" width=\"1080\" alt=\"Logos\" class=\"slider-349 slide-1485\" \/><\/li>\n                <li style=\"display: none; width: 100%;\" class=\"slide-1588 ms-image\"><img src=\"https:\/\/royal-images.de\/wp-content\/uploads\/2016\/03\/cont-product-slide-extras-3.png\" height=\"600\" width=\"1080\" alt=\"\" class=\"slider-349 slide-1588\" \/><\/li>\n                <li style=\"display: none; width: 100%;\" class=\"slide-500 ms-image\"><img src=\"https:\/\/royal-images.de\/wp-content\/uploads\/2015\/11\/cont-product-slide-krawatten-1.png\" height=\"600\" width=\"1080\" alt=\"\" class=\"slider-349 slide-500\" \/><\/li>\n                <li style=\"display: none; width: 100%;\" class=\"slide-1589 ms-image\"><img src=\"https:\/\/royal-images.de\/wp-content\/uploads\/2016\/03\/cont-product-slide-extras-4.png\" height=\"600\" width=\"1080\" alt=\"\" class=\"slider-349 slide-1589\" \/><\/li>\n                <li style=\"display: none; width: 100%;\" class=\"slide-1590 ms-image\"><img src=\"https:\/\/royal-images.de\/wp-content\/uploads\/2016\/03\/cont-product-slide-extras-5.png\" height=\"600\" width=\"1080\" alt=\"\" class=\"slider-349 slide-1590\" \/><\/li>\n                <li style=\"display: none; width: 100%;\" class=\"slide-343 ms-image\"><img src=\"https:\/\/royal-images.de\/wp-content\/uploads\/2015\/10\/cont-product-slide-fahnen-3.png\" height=\"600\" width=\"1080\" alt=\"\" class=\"slider-349 slide-343\" \/><\/li>\n                <li style=\"display: none; width: 100%;\" class=\"slide-352 ms-image\"><img src=\"https:\/\/royal-images.de\/wp-content\/uploads\/2015\/10\/cont-product-slide-bagtags-1.png\" height=\"600\" width=\"1080\" alt=\"\" class=\"slider-349 slide-352\" \/><\/li>\n                <li style=\"display: none; width: 100%;\" class=\"slide-348 ms-image\"><img src=\"https:\/\/royal-images.de\/wp-content\/uploads\/2015\/10\/cont-product-slide-tischdecken-2.png\" height=\"600\" width=\"1080\" alt=\"\" class=\"slider-349 slide-348\" \/><\/li>\n                <li style=\"display: none; width: 100%;\" class=\"slide-331 ms-image\"><img src=\"https:\/\/royal-images.de\/wp-content\/uploads\/2015\/10\/cont-product-slide-wappen-3.png\" height=\"600\" width=\"1080\" alt=\"\" class=\"slider-349 slide-331\" \/><\/li>\n                <li style=\"display: none; width: 100%;\" class=\"slide-499 ms-image\"><img src=\"https:\/\/royal-images.de\/wp-content\/uploads\/2015\/11\/cont-product-slide-fahnen-2.png\" height=\"600\" width=\"1080\" alt=\"\" class=\"slider-349 slide-499\" \/><\/li>\n                <li style=\"display: none; width: 100%;\" class=\"slide-182 ms-image\"><img src=\"https:\/\/royal-images.de\/wp-content\/uploads\/2015\/10\/cont-product-slide-clubabzeichen-myc.png\" height=\"600\" width=\"1080\" alt=\"\" class=\"slider-349 slide-182\" \/><\/li>\n                <li style=\"display: none; width: 100%;\" class=\"slide-1587 ms-image\"><img src=\"https:\/\/royal-images.de\/wp-content\/uploads\/2016\/03\/cont-product-slide-extras-2.png\" height=\"600\" width=\"1080\" alt=\"\" class=\"slider-349 slide-1587\" \/><\/li>\n            <\/ul>\n        <\/div>\n        \n    <\/div>\n<\/div><\/div><\/div><\/div><\/div><\/div>","protected":false},"excerpt":{"rendered":"<p>comme\u00a0: des panneaux de bois avec votre blason en m\u00e9tal color\u00e9 et une banderole pour les accrocher ou de petits sacs de balles de golf avec le logo de votre club brod\u00e9 \u00e0 la main et bien plus encore&#8230;Nous exau\u00e7ons tous vos souhaits\u00a0!Contactez-nous, c&#8217;est avec plaisir que nous vous aiderons \u00e0 concr\u00e9tiser vos projets<\/p>\n","protected":false},"author":3,"featured_media":0,"parent":0,"menu_order":0,"comment_status":"closed","ping_status":"open","template":"home-panels.php","meta":[],"language":[8],"_links":{"self":[{"href":"https:\/\/royal-images.de\/index.php\/wp-json\/wp\/v2\/pages\/818"}],"collection":[{"href":"https:\/\/royal-images.de\/index.php\/wp-json\/wp\/v2\/pages"}],"about":[{"href":"https:\/\/royal-images.de\/index.php\/wp-json\/wp\/v2\/types\/page"}],"author":[{"embeddable":true,"href":"https:\/\/royal-images.de\/index.php\/wp-json\/wp\/v2\/users\/3"}],"replies":[{"embeddable":true,"href":"https:\/\/royal-images.de\/index.php\/wp-json\/wp\/v2\/comments?post=818"}],"version-history":[{"count":4,"href":"https:\/\/royal-images.de\/index.php\/wp-json\/wp\/v2\/pages\/818\/revisions"}],"predecessor-version":[{"id":822,"href":"https:\/\/royal-images.de\/index.php\/wp-json\/wp\/v2\/pages\/818\/revisions\/822"}],"wp:attachment":[{"href":"https:\/\/royal-images.de\/index.php\/wp-json\/wp\/v2\/media?parent=818"}],"wp:term":[{"taxonomy":"language","embeddable":true,"href":"https:\/\/royal-images.de\/index.php\/wp-json\/wp\/v2\/language?post=818"}],"curies":[{"name":"wp","href":"https:\/\/api.w.org\/{rel}","templated":true}]}}