{"id":800,"date":"2015-12-08T14:58:57","date_gmt":"2015-12-08T14:58:57","guid":{"rendered":"http:\/\/royal-images.de\/?page_id=800"},"modified":"2015-12-21T15:21:46","modified_gmt":"2015-12-21T15:21:46","slug":"cravates","status":"publish","type":"page","link":"https:\/\/royal-images.de\/index.php\/cravates\/","title":{"rendered":"Cravates"},"content":{"rendered":"<div id=\"pl-800\"  class=\"panel-layout\" ><div id=\"pg-800-0\"  class=\"panel-grid panel-no-style\" ><div id=\"pgc-800-0-0\"  class=\"panel-grid-cell\" ><div id=\"panel-800-0-0-0\" class=\"so-panel widget widget_spacer panel-first-child\" data-index=\"0\" ><div\n\t\t\t\n\t\t\tclass=\"so-widget-spacer so-widget-spacer-spacer-style-d75171398898-800\"\n\t\t\t\n\t\t>\r\n\r\n\r\n\r\n\r\n<div class=\"spacer\" style=\"height: 3px\">\r\n<\/div><\/div><\/div><div id=\"panel-800-0-0-1\" class=\"so-panel widget widget_sow-editor\" data-index=\"1\" ><div\n\t\t\t\n\t\t\tclass=\"so-widget-sow-editor so-widget-sow-editor-base\"\n\t\t\t\n\t\t><h3 class=\"widget-title\">Cravates<\/h3>\n<div class=\"siteorigin-widget-tinymce textwidget\">\n\t<p>Royal Images propose des cravates personnalis\u00e9es pour:<\/p>\n<ul>\n<li>les clubs de golf<\/li>\n<li>les associations sportives<\/li>\n<li>les clubs de tir<\/li>\n<li>les confr\u00e9ries<\/li>\n<li>les amicales<\/li>\n<li>les associations \u00e9tudiantes<\/li>\n<\/ul>\n<p>ou les associations d'\u00e9lite, telles que les francs-ma\u00e7ons ou les Templiers que nous brodons avec votre logo ou motif \u00e0 la main.<\/p>\n<p>L'utilisation suppl\u00e9mentaire de fins fils m\u00e9tallis\u00e9s d'or et d'argent (broderie bouillon) donne de la noblesse \u00e0 votre logo sur une telle cravate et se distingue d'un<br \/> logo tiss\u00e9 ou brod\u00e9 \u00e0 la machine.<\/p>\n<p>Vous pouvez choisir la longueur totale et la largeur de votre cravate, ainsi que l'emplacement du blason brod\u00e9 \u00e0 la main sur la cravate. Ce mode de fabrication artisanale permet aussi de r\u00e9aliser un petit nombre de pi\u00e8ces.<\/p>\n<p>Pour des volumes plus importants, nous pouvons \u00e9galement vous proposer des cravates avec un logo de club tiss\u00e9.<\/p>\n<p>\u00a0<\/p>\n<hr \/>\n<h4>Offre personnalis\u00e9e<\/h4>\n<p>N'h\u00e9sitez pas et sollicitez aujourd'hui encore votre offre personnalis\u00e9e gratuite et sans obligation d\u2019achat\u00a0!<\/p>\n<p>D\u00e8s que nous aurons \u00e9labor\u00e9 le logo de votre club en format num\u00e9rique (jpg, pdf, gif, png), nous serons tr\u00e8s heureux de vous soumettre des propositions pour sa mise en \u0153uvre.<\/p>\n<\/div>\n<\/div><\/div><div id=\"panel-800-0-0-2\" class=\"so-panel widget widget_sow-button panel-last-child\" data-index=\"2\" ><div\n\t\t\t\n\t\t\tclass=\"so-widget-sow-button so-widget-sow-button-wire-450d48a19bc7-800\"\n\t\t\t\n\t\t><div class=\"ow-button-base ow-button-align-left\">\n\t<a href=\"https:\/\/royal-images.de\/index.php\/contact-fr\/\" class=\"ow-icon-placement-left ow-button-hover\" \t\t>\n\t\t<span>\n\t\t\t<span class=\"sow-icon-fontawesome sow-far\" data-sow-icon=\"&#xf1d8;\"\n\t\t \n\t\taria-hidden=\"true\"><\/span>\n\t\t\tSollicitez une offre\t\t<\/span>\n\t<\/a>\n<\/div>\n<\/div><\/div><\/div><div id=\"pgc-800-0-1\"  class=\"panel-grid-cell\" ><div id=\"panel-800-0-1-0\" class=\"so-panel widget widget_spacer panel-first-child\" data-index=\"3\" ><div\n\t\t\t\n\t\t\tclass=\"so-widget-spacer so-widget-spacer-spacer-style-d75171398898-800\"\n\t\t\t\n\t\t>\r\n\r\n\r\n\r\n\r\n<div class=\"spacer\" style=\"height: 3px\">\r\n<\/div><\/div><\/div><div id=\"panel-800-0-1-1\" class=\"so-panel widget widget_sow-image\" data-index=\"4\" ><div class=\"panel-widget-style panel-widget-style-for-800-0-1-1\" ><div\n\t\t\t\n\t\t\tclass=\"so-widget-sow-image so-widget-sow-image-default-4b231843ec72-800\"\n\t\t\t\n\t\t>\n\n<div class=\"sow-image-container\">\n\t\t\t<a href=\"https:\/\/royal-images.de\/index.php\/des-badges-pour-clubs\/\"\n\t\t\t\t\t>\n\t\t\t<img src=\"https:\/\/royal-images.de\/wp-content\/uploads\/2015\/11\/cont-cat-badges-pour-clubs-img-royal-images.png\" width=\"600\" height=\"266\" srcset=\"https:\/\/royal-images.de\/wp-content\/uploads\/2015\/11\/cont-cat-badges-pour-clubs-img-royal-images.png 600w, https:\/\/royal-images.de\/wp-content\/uploads\/2015\/11\/cont-cat-badges-pour-clubs-img-royal-images-300x133.png 300w\" sizes=\"(max-width: 600px) 100vw, 600px\" title=\"Des Badges pour Clubes\" alt=\"Des Badges pour Clubes\" loading=\"lazy\" \t\tclass=\"so-widget-image\"\/>\n\t<\/a><\/div>\n\n<\/div><\/div><\/div><div id=\"panel-800-0-1-2\" class=\"so-panel widget widget_sow-image\" data-index=\"5\" ><div class=\"panel-widget-style panel-widget-style-for-800-0-1-2\" ><div\n\t\t\t\n\t\t\tclass=\"so-widget-sow-image so-widget-sow-image-default-4b231843ec72-800\"\n\t\t\t\n\t\t>\n\n<div class=\"sow-image-container\">\n\t\t\t<a href=\"https:\/\/royal-images.de\/index.php\/blason-familial\/\"\n\t\t\t\t\t>\n\t\t\t<img src=\"https:\/\/royal-images.de\/wp-content\/uploads\/2015\/10\/cont-cat-blason-familial-img-royal-images.png\" width=\"600\" height=\"266\" srcset=\"https:\/\/royal-images.de\/wp-content\/uploads\/2015\/10\/cont-cat-blason-familial-img-royal-images.png 600w, https:\/\/royal-images.de\/wp-content\/uploads\/2015\/10\/cont-cat-blason-familial-img-royal-images-300x133.png 300w\" sizes=\"(max-width: 600px) 100vw, 600px\" title=\"Blason Familial\" alt=\"Blason Familial\" loading=\"lazy\" \t\tclass=\"so-widget-image\"\/>\n\t<\/a><\/div>\n\n<\/div><\/div><\/div><div id=\"panel-800-0-1-3\" class=\"so-panel widget widget_sow-image\" data-index=\"6\" ><div class=\"panel-widget-style panel-widget-style-for-800-0-1-3\" ><div\n\t\t\t\n\t\t\tclass=\"so-widget-sow-image so-widget-sow-image-default-4b231843ec72-800\"\n\t\t\t\n\t\t>\n\n<div class=\"sow-image-container\">\n\t\t\t<a href=\"https:\/\/royal-images.de\/index.php\/bag-tags-3\/\"\n\t\t\t\t\t>\n\t\t\t<img src=\"https:\/\/royal-images.de\/wp-content\/uploads\/2015\/10\/cont-cat-bagtags-img-royal-images.png\" width=\"600\" height=\"266\" srcset=\"https:\/\/royal-images.de\/wp-content\/uploads\/2015\/10\/cont-cat-bagtags-img-royal-images.png 600w, https:\/\/royal-images.de\/wp-content\/uploads\/2015\/10\/cont-cat-bagtags-img-royal-images-300x133.png 300w\" sizes=\"(max-width: 600px) 100vw, 600px\" title=\"Bag Tags\" alt=\"Bag Tags\" loading=\"lazy\" \t\tclass=\"so-widget-image\"\/>\n\t<\/a><\/div>\n\n<\/div><\/div><\/div><div id=\"panel-800-0-1-4\" class=\"so-panel widget widget_sow-image\" data-index=\"7\" ><div class=\"panel-widget-style panel-widget-style-for-800-0-1-4\" ><div\n\t\t\t\n\t\t\tclass=\"so-widget-sow-image so-widget-sow-image-default-4b231843ec72-800\"\n\t\t\t\n\t\t>\n\n<div class=\"sow-image-container\">\n\t\t\t<a href=\"https:\/\/royal-images.de\/index.php\/fanions\/\"\n\t\t\t\t\t>\n\t\t\t<img src=\"https:\/\/royal-images.de\/wp-content\/uploads\/2015\/12\/cont-cat-fanions-img-royal-images.png\" width=\"600\" height=\"266\" srcset=\"https:\/\/royal-images.de\/wp-content\/uploads\/2015\/12\/cont-cat-fanions-img-royal-images.png 600w, https:\/\/royal-images.de\/wp-content\/uploads\/2015\/12\/cont-cat-fanions-img-royal-images-300x133.png 300w\" sizes=\"(max-width: 600px) 100vw, 600px\" title=\"Fanions\" alt=\"Fanions\" loading=\"lazy\" \t\tclass=\"so-widget-image\"\/>\n\t<\/a><\/div>\n\n<\/div><\/div><\/div><div id=\"panel-800-0-1-5\" class=\"so-panel widget widget_sow-image\" data-index=\"8\" ><div class=\"panel-widget-style panel-widget-style-for-800-0-1-5\" ><div\n\t\t\t\n\t\t\tclass=\"so-widget-sow-image so-widget-sow-image-default-4b231843ec72-800\"\n\t\t\t\n\t\t>\n\n<div class=\"sow-image-container\">\n\t\t\t<a href=\"https:\/\/royal-images.de\/index.php\/coussins\/\"\n\t\t\t\t\t>\n\t\t\t<img src=\"https:\/\/royal-images.de\/wp-content\/uploads\/2015\/12\/cont-cat-coussins-img-royal-images.png\" width=\"600\" height=\"266\" srcset=\"https:\/\/royal-images.de\/wp-content\/uploads\/2015\/12\/cont-cat-coussins-img-royal-images.png 600w, https:\/\/royal-images.de\/wp-content\/uploads\/2015\/12\/cont-cat-coussins-img-royal-images-300x133.png 300w\" sizes=\"(max-width: 600px) 100vw, 600px\" title=\"Coussins\" alt=\"Coussins\" loading=\"lazy\" \t\tclass=\"so-widget-image\"\/>\n\t<\/a><\/div>\n\n<\/div><\/div><\/div><div id=\"panel-800-0-1-6\" class=\"so-panel widget widget_sow-image panel-last-child\" data-index=\"9\" ><div class=\"panel-widget-style panel-widget-style-for-800-0-1-6\" ><div\n\t\t\t\n\t\t\tclass=\"so-widget-sow-image so-widget-sow-image-default-4b231843ec72-800\"\n\t\t\t\n\t\t>\n\n<div class=\"sow-image-container\">\n\t\t\t<a href=\"https:\/\/royal-images.de\/index.php\/divers\/\"\n\t\t\t\t\t>\n\t\t\t<img src=\"https:\/\/royal-images.de\/wp-content\/uploads\/2015\/12\/cont-cat-divers-img-royal-images.png\" width=\"600\" height=\"266\" srcset=\"https:\/\/royal-images.de\/wp-content\/uploads\/2015\/12\/cont-cat-divers-img-royal-images.png 600w, https:\/\/royal-images.de\/wp-content\/uploads\/2015\/12\/cont-cat-divers-img-royal-images-300x133.png 300w\" sizes=\"(max-width: 600px) 100vw, 600px\" title=\"Divers\" alt=\"Divers\" loading=\"lazy\" \t\tclass=\"so-widget-image\"\/>\n\t<\/a><\/div>\n\n<\/div><\/div><\/div><\/div><\/div><div id=\"pg-800-1\"  class=\"panel-grid panel-has-style\" ><div class=\"siteorigin-panels-stretch panel-row-style-full-width panel-row-style panel-row-style-for-800-1\" style=\"background-color: #191919; \" data-stretch-type=\"full\" ><div id=\"pgc-800-1-0\"  class=\"panel-grid-cell\" ><div id=\"panel-800-1-0-0\" class=\"so-panel widget widget_metaslider_widget panel-first-child panel-last-child\" data-index=\"10\" ><div id=\"metaslider-id-311\" style=\"max-width: 1080px;\" class=\"ml-slider-3-28-0 metaslider metaslider-flex metaslider-311 ml-slider nav-hidden\">\n    <div id=\"metaslider_container_311\">\n        <div id=\"metaslider_311\">\n            <ul aria-live=\"polite\" class=\"slides\">\n                <li style=\"display: block; width: 100%;\" class=\"slide-501 ms-image\"><img src=\"https:\/\/royal-images.de\/wp-content\/uploads\/2015\/11\/cont-product-slide-krawatten-2.png\" height=\"600\" width=\"1080\" alt=\"\" class=\"slider-311 slide-501\" \/><\/li>\n                <li style=\"display: none; width: 100%;\" class=\"slide-1586 ms-image\"><img src=\"https:\/\/royal-images.de\/wp-content\/uploads\/2016\/03\/cont-product-slide-krawatten-3.png\" height=\"600\" width=\"1080\" alt=\"Krawatten\" class=\"slider-311 slide-1586\" \/><\/li>\n                <li style=\"display: none; width: 100%;\" class=\"slide-500 ms-image\"><img src=\"https:\/\/royal-images.de\/wp-content\/uploads\/2015\/11\/cont-product-slide-krawatten-1.png\" height=\"600\" width=\"1080\" alt=\"\" class=\"slider-311 slide-500\" \/><\/li>\n            <\/ul>\n        <\/div>\n        \n    <\/div>\n<\/div><\/div><\/div><\/div><\/div><\/div>","protected":false},"excerpt":{"rendered":"<p>Royal Images propose des cravates personnalis\u00e9es pour:les clubs de golfles associations sportivesles clubs de tirles confr\u00e9riesles amicalesles associations \u00e9tudiantesou les associations d&#8217;\u00e9lite, telles que les francs-ma\u00e7ons ou les Templiers que nous brodons avec votre logo ou motif \u00e0 la main.L&#8217;utilisation suppl\u00e9mentaire de fins fils m\u00e9tallis\u00e9s d&#8217;or et d&#8217;argent (broderie bouillon) donne de la noblesse \u00e0 votre logo sur une telle cravate et se distingue d&#8217;un logo tiss\u00e9 ou brod\u00e9 \u00e0 la machine.Vous pouvez choisir la longueur totale et la largeur de votre cravate, ainsi que l&#8217;emplacement du blason brod\u00e9 \u00e0 la main sur la cravate. Ce mode de fabrication artisanale permet aussi de r\u00e9aliser un petit nombre de pi\u00e8ces.Pour des [&hellip;]<\/p>\n","protected":false},"author":3,"featured_media":0,"parent":0,"menu_order":0,"comment_status":"closed","ping_status":"open","template":"home-panels.php","meta":[],"language":[8],"_links":{"self":[{"href":"https:\/\/royal-images.de\/index.php\/wp-json\/wp\/v2\/pages\/800"}],"collection":[{"href":"https:\/\/royal-images.de\/index.php\/wp-json\/wp\/v2\/pages"}],"about":[{"href":"https:\/\/royal-images.de\/index.php\/wp-json\/wp\/v2\/types\/page"}],"author":[{"embeddable":true,"href":"https:\/\/royal-images.de\/index.php\/wp-json\/wp\/v2\/users\/3"}],"replies":[{"embeddable":true,"href":"https:\/\/royal-images.de\/index.php\/wp-json\/wp\/v2\/comments?post=800"}],"version-history":[{"count":7,"href":"https:\/\/royal-images.de\/index.php\/wp-json\/wp\/v2\/pages\/800\/revisions"}],"predecessor-version":[{"id":1023,"href":"https:\/\/royal-images.de\/index.php\/wp-json\/wp\/v2\/pages\/800\/revisions\/1023"}],"wp:attachment":[{"href":"https:\/\/royal-images.de\/index.php\/wp-json\/wp\/v2\/media?parent=800"}],"wp:term":[{"taxonomy":"language","embeddable":true,"href":"https:\/\/royal-images.de\/index.php\/wp-json\/wp\/v2\/language?post=800"}],"curies":[{"name":"wp","href":"https:\/\/api.w.org\/{rel}","templated":true}]}}