{"id":432,"date":"2015-10-27T17:04:55","date_gmt":"2015-10-27T17:04:55","guid":{"rendered":"http:\/\/wp12463780.server-he.de\/?page_id=432"},"modified":"2015-12-14T17:52:05","modified_gmt":"2015-12-14T17:52:05","slug":"home-es","status":"publish","type":"page","link":"https:\/\/royal-images.de\/index.php\/home-es\/","title":{"rendered":"Royal Images"},"content":{"rendered":"<div id=\"pl-432\"  class=\"panel-layout\" ><div id=\"pg-432-0\"  class=\"panel-grid panel-has-style\" ><div style=\"border-top: 1px solid #daa520; border-bottom: 1px solid #daa520; background-color: #191919; \" class=\"panel-row-style panel-row-style-for-432-0\" ><div id=\"pgc-432-0-0\"  class=\"panel-grid-cell\" ><div id=\"panel-432-0-0-0\" class=\"so-panel widget widget_sow-image panel-first-child\" data-index=\"0\" ><div class=\"panel-widget-style panel-widget-style-for-432-0-0-0\" ><div\n\t\t\t\n\t\t\tclass=\"so-widget-sow-image so-widget-sow-image-default-4b231843ec72-432\"\n\t\t\t\n\t\t>\n\n<div class=\"sow-image-container\">\n\t\t\t<a href=\"https:\/\/royal-images.de\/index.php\/insignias-del-clubes\/\"\n\t\t\t\t\t>\n\t\t\t<img src=\"https:\/\/royal-images.de\/wp-content\/uploads\/2015\/12\/cont-cat-insignias-de-club-img-royal-images.png\" width=\"600\" height=\"266\" srcset=\"https:\/\/royal-images.de\/wp-content\/uploads\/2015\/12\/cont-cat-insignias-de-club-img-royal-images.png 600w, https:\/\/royal-images.de\/wp-content\/uploads\/2015\/12\/cont-cat-insignias-de-club-img-royal-images-300x133.png 300w\" sizes=\"(max-width: 600px) 100vw, 600px\" title=\"Insignias de clubes\" alt=\"Insignias de clubes\" loading=\"lazy\" \t\tclass=\"so-widget-image\"\/>\n\t<\/a><\/div>\n\n<\/div><\/div><\/div><div id=\"panel-432-0-0-1\" class=\"so-panel widget widget_sow-image\" data-index=\"1\" ><div class=\"panel-widget-style panel-widget-style-for-432-0-0-1\" ><div\n\t\t\t\n\t\t\tclass=\"so-widget-sow-image so-widget-sow-image-default-4b231843ec72-432\"\n\t\t\t\n\t\t>\n\n<div class=\"sow-image-container\">\n\t\t\t<a href=\"https:\/\/royal-images.de\/index.php\/banderas\/\"\n\t\t\t\t\t>\n\t\t\t<img src=\"https:\/\/royal-images.de\/wp-content\/uploads\/2015\/12\/cont-cat-banderas-img-royal-images.png\" width=\"600\" height=\"266\" srcset=\"https:\/\/royal-images.de\/wp-content\/uploads\/2015\/12\/cont-cat-banderas-img-royal-images.png 600w, https:\/\/royal-images.de\/wp-content\/uploads\/2015\/12\/cont-cat-banderas-img-royal-images-300x133.png 300w\" sizes=\"(max-width: 600px) 100vw, 600px\" title=\"Banderas\" alt=\"Banderas\" loading=\"lazy\" \t\tclass=\"so-widget-image\"\/>\n\t<\/a><\/div>\n\n<\/div><\/div><\/div><div id=\"panel-432-0-0-2\" class=\"so-panel widget widget_sow-image panel-last-child\" data-index=\"2\" ><div class=\"panel-widget-style panel-widget-style-for-432-0-0-2\" ><div\n\t\t\t\n\t\t\tclass=\"so-widget-sow-image so-widget-sow-image-default-4b231843ec72-432\"\n\t\t\t\n\t\t>\n\n<div class=\"sow-image-container\">\n\t\t\t<a href=\"https:\/\/royal-images.de\/index.php\/corbatas\/\"\n\t\t\t\t\t>\n\t\t\t<img src=\"https:\/\/royal-images.de\/wp-content\/uploads\/2015\/12\/cont-cat-corbatas-img-royal-images.png\" width=\"600\" height=\"266\" srcset=\"https:\/\/royal-images.de\/wp-content\/uploads\/2015\/12\/cont-cat-corbatas-img-royal-images.png 600w, https:\/\/royal-images.de\/wp-content\/uploads\/2015\/12\/cont-cat-corbatas-img-royal-images-300x133.png 300w\" sizes=\"(max-width: 600px) 100vw, 600px\" title=\"Corbatas\" alt=\"Corbatas\" loading=\"lazy\" \t\tclass=\"so-widget-image\"\/>\n\t<\/a><\/div>\n\n<\/div><\/div><\/div><\/div><div id=\"pgc-432-0-1\"  class=\"panel-grid-cell\" ><div id=\"panel-432-0-1-0\" class=\"so-panel widget widget_sow-image panel-first-child\" data-index=\"3\" ><div class=\"panel-widget-style panel-widget-style-for-432-0-1-0\" ><div\n\t\t\t\n\t\t\tclass=\"so-widget-sow-image so-widget-sow-image-default-4b231843ec72-432\"\n\t\t\t\n\t\t>\n\n<div class=\"sow-image-container\">\n\t\t\t<a href=\"https:\/\/royal-images.de\/index.php\/blason-familiar\/\"\n\t\t\t\t\t>\n\t\t\t<img src=\"https:\/\/royal-images.de\/wp-content\/uploads\/2015\/10\/cont-cat-blason-familiar-img-royal-images.png\" width=\"600\" height=\"266\" srcset=\"https:\/\/royal-images.de\/wp-content\/uploads\/2015\/10\/cont-cat-blason-familiar-img-royal-images.png 600w, https:\/\/royal-images.de\/wp-content\/uploads\/2015\/10\/cont-cat-blason-familiar-img-royal-images-300x133.png 300w\" sizes=\"(max-width: 600px) 100vw, 600px\" title=\"Blason Familiar\" alt=\"Blason Familiar\" loading=\"lazy\" \t\tclass=\"so-widget-image\"\/>\n\t<\/a><\/div>\n\n<\/div><\/div><\/div><div id=\"panel-432-0-1-1\" class=\"so-panel widget widget_sow-image\" data-index=\"4\" ><div class=\"panel-widget-style panel-widget-style-for-432-0-1-1\" ><div\n\t\t\t\n\t\t\tclass=\"so-widget-sow-image so-widget-sow-image-default-4b231843ec72-432\"\n\t\t\t\n\t\t>\n\n<div class=\"sow-image-container\">\n\t\t\t<a href=\"https:\/\/royal-images.de\/index.php\/cojines\/\"\n\t\t\t\t\t>\n\t\t\t<img src=\"https:\/\/royal-images.de\/wp-content\/uploads\/2015\/12\/cont-cat-cujines-img-royal-images.png\" width=\"600\" height=\"266\" srcset=\"https:\/\/royal-images.de\/wp-content\/uploads\/2015\/12\/cont-cat-cujines-img-royal-images.png 600w, https:\/\/royal-images.de\/wp-content\/uploads\/2015\/12\/cont-cat-cujines-img-royal-images-300x133.png 300w\" sizes=\"(max-width: 600px) 100vw, 600px\" title=\"Cojines\" alt=\"Cojines\" loading=\"lazy\" \t\tclass=\"so-widget-image\"\/>\n\t<\/a><\/div>\n\n<\/div><\/div><\/div><div id=\"panel-432-0-1-2\" class=\"so-panel widget widget_sow-image panel-last-child\" data-index=\"5\" ><div class=\"panel-widget-style panel-widget-style-for-432-0-1-2\" ><div\n\t\t\t\n\t\t\tclass=\"so-widget-sow-image so-widget-sow-image-default-4b231843ec72-432\"\n\t\t\t\n\t\t>\n\n<div class=\"sow-image-container\">\n\t\t\t<a href=\"https:\/\/royal-images.de\/index.php\/manteles\/\"\n\t\t\t\t\t>\n\t\t\t<img src=\"https:\/\/royal-images.de\/wp-content\/uploads\/2015\/12\/cont-cat-manteles-img-royal-images.png\" width=\"600\" height=\"266\" srcset=\"https:\/\/royal-images.de\/wp-content\/uploads\/2015\/12\/cont-cat-manteles-img-royal-images.png 600w, https:\/\/royal-images.de\/wp-content\/uploads\/2015\/12\/cont-cat-manteles-img-royal-images-300x133.png 300w\" sizes=\"(max-width: 600px) 100vw, 600px\" title=\"Manteles\" alt=\"Manteles\" loading=\"lazy\" \t\tclass=\"so-widget-image\"\/>\n\t<\/a><\/div>\n\n<\/div><\/div><\/div><\/div><div id=\"pgc-432-0-2\"  class=\"panel-grid-cell\" ><div id=\"panel-432-0-2-0\" class=\"so-panel widget widget_sow-image panel-first-child\" data-index=\"6\" ><div class=\"panel-widget-style panel-widget-style-for-432-0-2-0\" ><div\n\t\t\t\n\t\t\tclass=\"so-widget-sow-image so-widget-sow-image-default-4b231843ec72-432\"\n\t\t\t\n\t\t>\n\n<div class=\"sow-image-container\">\n\t\t\t<a href=\"https:\/\/royal-images.de\/index.php\/banderines\/\"\n\t\t\t\t\t>\n\t\t\t<img src=\"https:\/\/royal-images.de\/wp-content\/uploads\/2015\/12\/cont-cat-banderines-img-royal-images.png\" width=\"600\" height=\"266\" srcset=\"https:\/\/royal-images.de\/wp-content\/uploads\/2015\/12\/cont-cat-banderines-img-royal-images.png 600w, https:\/\/royal-images.de\/wp-content\/uploads\/2015\/12\/cont-cat-banderines-img-royal-images-300x133.png 300w\" sizes=\"(max-width: 600px) 100vw, 600px\" title=\"Banderines\" alt=\"Banderines\" loading=\"lazy\" \t\tclass=\"so-widget-image\"\/>\n\t<\/a><\/div>\n\n<\/div><\/div><\/div><div id=\"panel-432-0-2-1\" class=\"so-panel widget widget_sow-image\" data-index=\"7\" ><div class=\"panel-widget-style panel-widget-style-for-432-0-2-1\" ><div\n\t\t\t\n\t\t\tclass=\"so-widget-sow-image so-widget-sow-image-default-4b231843ec72-432\"\n\t\t\t\n\t\t>\n\n<div class=\"sow-image-container\">\n\t\t\t<a href=\"https:\/\/royal-images.de\/index.php\/bag-tags-4\/\"\n\t\t\t\t\t>\n\t\t\t<img src=\"https:\/\/royal-images.de\/wp-content\/uploads\/2015\/10\/cont-cat-bagtags-img-royal-images.png\" width=\"600\" height=\"266\" srcset=\"https:\/\/royal-images.de\/wp-content\/uploads\/2015\/10\/cont-cat-bagtags-img-royal-images.png 600w, https:\/\/royal-images.de\/wp-content\/uploads\/2015\/10\/cont-cat-bagtags-img-royal-images-300x133.png 300w\" sizes=\"(max-width: 600px) 100vw, 600px\" title=\"Bag Tags\" alt=\"Bag Tags\" loading=\"lazy\" \t\tclass=\"so-widget-image\"\/>\n\t<\/a><\/div>\n\n<\/div><\/div><\/div><div id=\"panel-432-0-2-2\" class=\"so-panel widget widget_sow-image panel-last-child\" data-index=\"8\" ><div class=\"panel-widget-style panel-widget-style-for-432-0-2-2\" ><div\n\t\t\t\n\t\t\tclass=\"so-widget-sow-image so-widget-sow-image-default-4b231843ec72-432\"\n\t\t\t\n\t\t>\n\n<div class=\"sow-image-container\">\n\t\t\t<a href=\"https:\/\/royal-images.de\/index.php\/otros\/\"\n\t\t\t\t\t>\n\t\t\t<img src=\"https:\/\/royal-images.de\/wp-content\/uploads\/2015\/12\/cont-cat-otros-img-royal-images.png\" width=\"600\" height=\"266\" srcset=\"https:\/\/royal-images.de\/wp-content\/uploads\/2015\/12\/cont-cat-otros-img-royal-images.png 600w, https:\/\/royal-images.de\/wp-content\/uploads\/2015\/12\/cont-cat-otros-img-royal-images-300x133.png 300w\" sizes=\"(max-width: 600px) 100vw, 600px\" title=\"Otros\" alt=\"Otros\" loading=\"lazy\" \t\tclass=\"so-widget-image\"\/>\n\t<\/a><\/div>\n\n<\/div><\/div><\/div><\/div><\/div><\/div><div id=\"pg-432-1\"  class=\"panel-grid panel-no-style\" ><div id=\"pgc-432-1-0\"  class=\"panel-grid-cell\" ><div id=\"panel-432-1-0-0\" class=\"so-panel widget widget_sow-editor panel-first-child panel-last-child\" data-index=\"9\" ><div\n\t\t\t\n\t\t\tclass=\"so-widget-sow-editor so-widget-sow-editor-base\"\n\t\t\t\n\t\t><h3 class=\"widget-title\">! Bienvenido a Royal Images \u00a1<\/h3>\n<div class=\"siteorigin-widget-tinymce textwidget\">\n\t<p>Royal Images, LA empresa l\u00edder en el mercado de Europa con sede en Italia (anteriormente en Berl\u00edn) es, desde hace m\u00e1s de 30 a\u00f1os, su direcci\u00f3n de confianza de insignias \u00fanicas de alta calidad, bordados a mano y elegantes para clubes y magn\u00e9ticas.<\/p>\n<p>Con gran orgullo podemos decir que Royal Images invent\u00f3 y ha seguido perfeccionando durante muchos a\u00f1os los populares DISTINTIVOS MAGN\u00c9TICOS GOLF, que se utilizan especialmente en el mundo del golf.<\/p>\n<\/p>\n<p>Entre nuestros clientes satisfechos se encuentran, solo en el \u00e1mbito del golf, m\u00e1s de 1000 (!!!) clubes de golf en el espacio europeo.<br \/>\nBenef\u00edciese de nuestras d\u00e9cadas de experiencia en la realizaci\u00f3n de insignias para chaquetas de alta calidad, as\u00ed como de nuestro invento pionero de las insignias magn\u00e9ticas, que le permiten ponerlas cada vez en una prenda distinta sin problemas y sin costuras.<\/p>\n<blockquote><p>Todos los blasones est\u00e1n hechos a mano aqu\u00ed con mucho entusiasmo y atenci\u00f3n al detalle por bordadores cualificados, con experiencia y a\u00f1os de formaci\u00f3n.<\/p><\/blockquote>\n<p>Entre los clientes de Royal Images se encuentran, adem\u00e1s de numerosas instituciones administrativas:<\/p>\n<ul>\n<li>Clubes de golf y sus tiendas profesionales<\/li>\n<li>Asociaciones de golf<\/li>\n<li>Clubes n\u00e1uticos<\/li>\n<li>Clubes de deportes del motor y sus holdings<\/li>\n<li>Clubes de antig\u00fcedades y del autom\u00f3vil<\/li>\n<li>Clubs y asociaciones de polo<\/li>\n<li>Rotary Club<\/li>\n<li>Lions Club<\/li>\n<li>Asociaciones, clubes y federaciones de f\u00fatbol<\/li>\n<li>Clubes de tenis<\/li>\n<li>Clubes de hockey<\/li>\n<li>Clubes de carnaval<\/li>\n<li>Clubes de tiro<\/li>\n<li>Asociaciones de estudiantes<\/li>\n<li>Asociaciones culturales<\/li>\n<li>Empresas y clientes de ferias<\/li>\n<li>Nobles y propietarios de blasones de la familia<\/li>\n<li>Industria de la moda y dise\u00f1adores de moda<\/li>\n<\/ul>\n<blockquote><p>Conf\u00ede en los expertos y en nuestra dilatada experiencia en la aplicaci\u00f3n de elegantes insignias bordadas. \u00a1Aproveche las ventajas de nuestras sofisticadas fijaciones magn\u00e9ticas!<\/p><\/blockquote>\n<p>Todos nuestros art\u00edculos son de la artesan\u00eda de la mejor calidad y se hacen seg\u00fan sus peticiones.\u2028<br \/>\nEstos incluyen parches de clubes, insignias de chaquetas, corbatas, blasones de familia, banderas de asociaciones y ciudades para interiores, b\u00e1ners, banderolas de la amistad, estandartes para autom\u00f3viles, logotipos de empresas, cojines de terciopelo, im\u00e1genes de blasones de gran formato y alfombras de pared.\u2028<br \/>\nPero tambi\u00e9n realizamos gustosamente colgantes para mochilas de cuero, metal o pl\u00e1stico, as\u00ed como manteles finos de mesa para sus fiestas o reuniones de club, de acuerdo con sus preferencias personales.<\/p>\n<blockquote><p>Los bordados a mano exclusivos son nuestro negocio desde hace m\u00e1s de 30 a\u00f1os. Nuestra experiencia y competencia garantizan la perfecta realizaci\u00f3n de sus deseos.<\/p><\/blockquote>\n<p>Por lo tanto, estar\u00edamos encantados de poder aconsejarle para experimentar y hacer realidad sus deseos.<\/p>\n<p>Espero con mucho gusto su solicitud para poder hacerle una oferta, seg\u00fan su logotipo.<\/p>\n<p><img src=\"https:\/\/royal-images.de\/wp-content\/uploads\/2015\/11\/signatur-birgit-wirtz-kraus.png\" alt=\"Birgit Sandra Wirtz-Kraus\" \/><\/p>\n<\/div>\n<\/div><\/div><\/div><div id=\"pgc-432-1-1\"  class=\"panel-grid-cell\" ><div id=\"panel-432-1-1-0\" class=\"so-panel widget widget_text panel-first-child\" data-index=\"10\" ><h3 class=\"widget-title\">Contacto<\/h3>\t\t\t<div class=\"textwidget\"><p>Nuestra numero de tel\u00e9fono en Italia:<\/p>\n<p style=\"font-size:1.3em;color:#DAA520;text-align:center;\">+39 0183 52 841<\/p>\n<p>O enviar un mensaje:<\/p>\n<\/div>\n\t\t<\/div><div id=\"panel-432-1-1-1\" class=\"so-panel widget widget_text\" data-index=\"11\" >\t\t\t<div class=\"textwidget\"><div class=\"wpcf7 no-js\" id=\"wpcf7-f495-o1\" lang=\"es-ES\" dir=\"ltr\">\n<div class=\"screen-reader-response\"><p role=\"status\" aria-live=\"polite\" aria-atomic=\"true\"><\/p> <ul><\/ul><\/div>\n<form action=\"\/index.php\/wp-json\/wp\/v2\/pages\/432#wpcf7-f495-o1\" method=\"post\" class=\"wpcf7-form init\" aria-label=\"Formulario de contacto\" novalidate=\"novalidate\" data-status=\"init\">\n<div style=\"display: none;\">\n<input type=\"hidden\" name=\"_wpcf7\" value=\"495\" \/>\n<input type=\"hidden\" name=\"_wpcf7_version\" value=\"5.7.1\" \/>\n<input type=\"hidden\" name=\"_wpcf7_locale\" value=\"es_ES\" \/>\n<input type=\"hidden\" name=\"_wpcf7_unit_tag\" value=\"wpcf7-f495-o1\" \/>\n<input type=\"hidden\" name=\"_wpcf7_container_post\" value=\"0\" \/>\n<input type=\"hidden\" name=\"_wpcf7_posted_data_hash\" value=\"\" \/>\n<\/div>\n<p>Nombre (requerido)\n<\/p>\n<p><span class=\"wpcf7-form-control-wrap\" data-name=\"your-name\"><input size=\"40\" class=\"wpcf7-form-control wpcf7-text wpcf7-validates-as-required\" aria-required=\"true\" aria-invalid=\"false\" value=\"\" type=\"text\" name=\"your-name\" \/><\/span>\n<\/p>\n<p>Correo electr\u00f3nico (requerido)\n<\/p>\n<p><span id=\"wpcf7-69ef4dc4c9bb5-wrapper\" class=\"wpcf7-form-control-wrap your-email-wrap\" style=\"display:none !important; visibility:hidden !important;\"><label for=\"wpcf7-69ef4dc4c9bb5-field\" class=\"hp-message\">Por favor, deja este campo vac\u00edo.<\/label><input id=\"wpcf7-69ef4dc4c9bb5-field\"  class=\"wpcf7-form-control wpcf7-text\" type=\"text\" name=\"your-email\" value=\"\" size=\"40\" tabindex=\"-1\" autocomplete=\"new-password\" \/><\/span><span class=\"wpcf7-form-control-wrap\" data-name=\"your-epost\"><input size=\"40\" class=\"wpcf7-form-control wpcf7-text wpcf7-email wpcf7-validates-as-required wpcf7-validates-as-email\" aria-required=\"true\" aria-invalid=\"false\" value=\"\" type=\"email\" name=\"your-epost\" \/><\/span>\n<\/p>\n<p>Asunto\n<\/p>\n<p><span class=\"wpcf7-form-control-wrap\" data-name=\"your-subject\"><input size=\"40\" class=\"wpcf7-form-control wpcf7-text wpcf7-validates-as-required\" aria-required=\"true\" aria-invalid=\"false\" value=\"\" type=\"text\" name=\"your-subject\" \/><\/span>\n<\/p>\n<p>Mensaje\n<\/p>\n<p><span class=\"wpcf7-form-control-wrap\" data-name=\"your-message\"><textarea cols=\"40\" rows=\"10\" class=\"wpcf7-form-control wpcf7-textarea wpcf7-validates-as-required\" aria-required=\"true\" aria-invalid=\"false\" name=\"your-message\"><\/textarea><\/span>\n<\/p>\n<p><input class=\"wpcf7-form-control has-spinner wpcf7-submit\" type=\"submit\" value=\"Enviar\" \/>\n<\/p><div class=\"wpcf7-response-output\" aria-hidden=\"true\"><\/div><\/form><\/div><\/div>\n\t\t<\/div><div id=\"panel-432-1-1-2\" class=\"so-panel widget widget_circleicon-widget\" data-index=\"12\" ><div class=\"panel-widget-style panel-widget-style-for-432-1-1-2\" >\t\t<div class=\"circle-icon-box circle-icon-position-top circle-icon-hide-box circle-icon-size-small\">\n\t\t\t<div class=\"circle-icon-wrapper\">\n\t\t\t\t\t\t\t\t<div class=\"circle-icon\" >\n\t\t\t\t\t<div class=\"fa fa-exclamation\" ><\/div>\t\t\t\t<\/div>\n\t\t\t\t\t\t\t<\/div>\n\n\t\t\t\t\t\t<h4 >Aviso!<\/h4>\t\t\t\n\t\t\t<p class=\"text\" >INSIGNIAS MAGN\u00c9TICAS \/ LOGOTIPOS MAGN\u00c9TICOS - \u00a1Nuestras insignias de clubes se piden el 99% de las veces CON nuestra FIJACI\u00d3N MAGN\u00c9TICA especial!<\/p>\t\t\t\t\t<\/div>\n\t\t<\/div><\/div><div id=\"panel-432-1-1-3\" class=\"so-panel widget widget_metaslider_widget panel-last-child\" data-index=\"13\" ><h3 class=\"widget-title\">Productos<\/h3><div id=\"metaslider-id-349\" style=\"max-width: 1080px;\" class=\"ml-slider-3-28-0 metaslider metaslider-flex metaslider-349 ml-slider nav-hidden\">\n    <div id=\"metaslider_container_349\">\n        <div id=\"metaslider_349\">\n            <ul aria-live=\"polite\" class=\"slides\">\n                <li style=\"display: block; width: 100%;\" class=\"slide-1485 ms-image\"><img src=\"https:\/\/royal-images.de\/wp-content\/uploads\/2016\/02\/cont-product-slide-extras-1.png\" height=\"600\" width=\"1080\" alt=\"Logos\" class=\"slider-349 slide-1485\" \/><\/li>\n                <li style=\"display: none; width: 100%;\" class=\"slide-1588 ms-image\"><img src=\"https:\/\/royal-images.de\/wp-content\/uploads\/2016\/03\/cont-product-slide-extras-3.png\" height=\"600\" width=\"1080\" alt=\"\" class=\"slider-349 slide-1588\" \/><\/li>\n                <li style=\"display: none; width: 100%;\" class=\"slide-500 ms-image\"><img src=\"https:\/\/royal-images.de\/wp-content\/uploads\/2015\/11\/cont-product-slide-krawatten-1.png\" height=\"600\" width=\"1080\" alt=\"\" class=\"slider-349 slide-500\" \/><\/li>\n                <li style=\"display: none; width: 100%;\" class=\"slide-1589 ms-image\"><img src=\"https:\/\/royal-images.de\/wp-content\/uploads\/2016\/03\/cont-product-slide-extras-4.png\" height=\"600\" width=\"1080\" alt=\"\" class=\"slider-349 slide-1589\" \/><\/li>\n                <li style=\"display: none; width: 100%;\" class=\"slide-1590 ms-image\"><img src=\"https:\/\/royal-images.de\/wp-content\/uploads\/2016\/03\/cont-product-slide-extras-5.png\" height=\"600\" width=\"1080\" alt=\"\" class=\"slider-349 slide-1590\" \/><\/li>\n                <li style=\"display: none; width: 100%;\" class=\"slide-343 ms-image\"><img src=\"https:\/\/royal-images.de\/wp-content\/uploads\/2015\/10\/cont-product-slide-fahnen-3.png\" height=\"600\" width=\"1080\" alt=\"\" class=\"slider-349 slide-343\" \/><\/li>\n                <li style=\"display: none; width: 100%;\" class=\"slide-352 ms-image\"><img src=\"https:\/\/royal-images.de\/wp-content\/uploads\/2015\/10\/cont-product-slide-bagtags-1.png\" height=\"600\" width=\"1080\" alt=\"\" class=\"slider-349 slide-352\" \/><\/li>\n                <li style=\"display: none; width: 100%;\" class=\"slide-348 ms-image\"><img src=\"https:\/\/royal-images.de\/wp-content\/uploads\/2015\/10\/cont-product-slide-tischdecken-2.png\" height=\"600\" width=\"1080\" alt=\"\" class=\"slider-349 slide-348\" \/><\/li>\n                <li style=\"display: none; width: 100%;\" class=\"slide-331 ms-image\"><img src=\"https:\/\/royal-images.de\/wp-content\/uploads\/2015\/10\/cont-product-slide-wappen-3.png\" height=\"600\" width=\"1080\" alt=\"\" class=\"slider-349 slide-331\" \/><\/li>\n                <li style=\"display: none; width: 100%;\" class=\"slide-499 ms-image\"><img src=\"https:\/\/royal-images.de\/wp-content\/uploads\/2015\/11\/cont-product-slide-fahnen-2.png\" height=\"600\" width=\"1080\" alt=\"\" class=\"slider-349 slide-499\" \/><\/li>\n                <li style=\"display: none; width: 100%;\" class=\"slide-182 ms-image\"><img src=\"https:\/\/royal-images.de\/wp-content\/uploads\/2015\/10\/cont-product-slide-clubabzeichen-myc.png\" height=\"600\" width=\"1080\" alt=\"\" class=\"slider-349 slide-182\" \/><\/li>\n                <li style=\"display: none; width: 100%;\" class=\"slide-1587 ms-image\"><img src=\"https:\/\/royal-images.de\/wp-content\/uploads\/2016\/03\/cont-product-slide-extras-2.png\" height=\"600\" width=\"1080\" alt=\"\" class=\"slider-349 slide-1587\" \/><\/li>\n            <\/ul>\n        <\/div>\n        \n    <\/div>\n<\/div><\/div><\/div><\/div><\/div>","protected":false},"excerpt":{"rendered":"<p>Royal Images, LA empresa l\u00edder en el mercado de Europa con sede en Italia (anteriormente en Berl\u00edn) es, desde hace m\u00e1s de 30 a\u00f1os, su direcci\u00f3n de confianza de insignias \u00fanicas de alta calidad, bordados a mano y elegantes para clubes y magn\u00e9ticas. Con gran orgullo podemos decir que Royal Images invent\u00f3 y ha seguido perfeccionando durante muchos a\u00f1os los populares DISTINTIVOS MAGN\u00c9TICOS GOLF, que se utilizan especialmente en el mundo del golf. Entre nuestros clientes satisfechos se encuentran, solo en el \u00e1mbito del golf, m\u00e1s de 1000 (!!!) clubes de golf en el espacio europeo. Benef\u00edciese de nuestras d\u00e9cadas de experiencia en la realizaci\u00f3n de insignias para chaquetas de [&hellip;]<\/p>\n","protected":false},"author":3,"featured_media":0,"parent":0,"menu_order":0,"comment_status":"closed","ping_status":"open","template":"home-panels.php","meta":[],"language":[24],"_links":{"self":[{"href":"https:\/\/royal-images.de\/index.php\/wp-json\/wp\/v2\/pages\/432"}],"collection":[{"href":"https:\/\/royal-images.de\/index.php\/wp-json\/wp\/v2\/pages"}],"about":[{"href":"https:\/\/royal-images.de\/index.php\/wp-json\/wp\/v2\/types\/page"}],"author":[{"embeddable":true,"href":"https:\/\/royal-images.de\/index.php\/wp-json\/wp\/v2\/users\/3"}],"replies":[{"embeddable":true,"href":"https:\/\/royal-images.de\/index.php\/wp-json\/wp\/v2\/comments?post=432"}],"version-history":[{"count":31,"href":"https:\/\/royal-images.de\/index.php\/wp-json\/wp\/v2\/pages\/432\/revisions"}],"predecessor-version":[{"id":963,"href":"https:\/\/royal-images.de\/index.php\/wp-json\/wp\/v2\/pages\/432\/revisions\/963"}],"wp:attachment":[{"href":"https:\/\/royal-images.de\/index.php\/wp-json\/wp\/v2\/media?parent=432"}],"wp:term":[{"taxonomy":"language","embeddable":true,"href":"https:\/\/royal-images.de\/index.php\/wp-json\/wp\/v2\/language?post=432"}],"curies":[{"name":"wp","href":"https:\/\/api.w.org\/{rel}","templated":true}]}}