{"id":38,"date":"2015-10-23T16:54:48","date_gmt":"2015-10-23T16:54:48","guid":{"rendered":"http:\/\/wp12463780.server-he.de\/?page_id=38"},"modified":"2020-05-08T13:36:10","modified_gmt":"2020-05-08T13:36:10","slug":"clubabzeichen","status":"publish","type":"page","link":"https:\/\/royal-images.de\/index.php\/clubabzeichen\/","title":{"rendered":"Clubabzeichen"},"content":{"rendered":"<div id=\"pl-38\"  class=\"panel-layout\" ><div id=\"pg-38-0\"  class=\"panel-grid panel-no-style\" ><div id=\"pgc-38-0-0\"  class=\"panel-grid-cell\" ><div id=\"panel-38-0-0-0\" class=\"so-panel widget widget_spacer panel-first-child\" data-index=\"0\" ><div\n\t\t\t\n\t\t\tclass=\"so-widget-spacer so-widget-spacer-spacer-style-d75171398898-38\"\n\t\t\t\n\t\t>\r\n\r\n\r\n\r\n\r\n<div class=\"spacer\" style=\"height: 3px\">\r\n<\/div><\/div><\/div><div id=\"panel-38-0-0-1\" class=\"so-panel widget widget_sow-editor\" data-index=\"1\" ><div\n\t\t\t\n\t\t\tclass=\"so-widget-sow-editor so-widget-sow-editor-base\"\n\t\t\t\n\t\t><h3 class=\"widget-title\">Clubabzeichen<\/h3>\n<div class=\"siteorigin-widget-tinymce textwidget\">\n\t<p>Sie suchen...<\/p>\n<ul>\n<li>Golfclub Abzeichen<\/li>\n<li>Yachtclub Abzeichen<\/li>\n<li>Motorsportabzeichen<\/li>\n<li>Vereinsabzeichen<\/li>\n<li>Magnetlogos<\/li>\n<li>Blazer Badges<\/li>\n<li>Clubwappen f\u00fcr Sakko oder Jacken<\/li>\n<li>handgestickte Aufn\u00e4her<\/li>\n<\/ul>\n<p>...dann sind Sie bei uns genau richtig!<\/p>\n<blockquote><p>ROYAL IMAGES offeriert Ihnen allerfeinste handgestickte Club-, Vereins- oder Sportabzeichen, welche durch die zus\u00e4tzliche Verwendung von Gold- oder Silbermetallf\u00e4den ein \u00e4ussert elegantes und sehr hochwertiges Erscheinungsbild bieten.<\/p><\/blockquote>\n<h5>Feinste Handarbeit<\/h5>\n<p>Ein handgesticktes Clubwappen unterscheidet sich in seiner Qualit\u00e4t erheblich von einem maschinell gesticktem Aufn\u00e4her. Speziell durch die Verwendung von Metallf\u00e4den, die plastisch erhabener sind als Garne, erzielt man wundersch\u00f6ne und hochwertige Effekte.<\/p>\n<p>Jedoch m\u00f6chte nicht jeder seinen Clubaufn\u00e4her fest mit dem Kleidungsst\u00fcck vern\u00e4hen. Royal Images hatte vor 30 Jahren die geniale Idee und erfand die r\u00fcckseitige Magnetbefestigung am Abzeichen die Ihnen ein H\u00f6chstma\u00df an Flexibilit\u00e4t erm\u00f6glicht.<\/p>\n<p>Inzwischen haben wir unsere Magnethalterungen weiter perfektioniert und k\u00f6nnen Ihnen somit eine Vielzahl an unterschiedlichen Magnetl\u00f6sungen f\u00fcr Ihr individuelles Abzeichen in jeder Gr\u00f6\u00dfe und Form anbieten.<\/p>\n<blockquote><p>Die Zufriedenheit unserer Kunden ist in allem was wir tun Leitlinie unseres Handelns!<\/p><\/blockquote>\n<p>Unsere Clubabzeichen sind daher selbstverst\u00e4ndlich mit oder ohne Magnetbefestigung erh\u00e4ltlich. Wir richten uns ganz nach Ihren pers\u00f6nlichen W\u00fcnschen und ber\u00fccksichtigen diese bereits in der Manufaktur.<\/p>\n<hr \/>\n<h5>Pers\u00f6nliches Angebot<\/h5>\n<p>Z\u00f6gern Sie nicht und fordern Sie noch heute einfach, kostenlos und unverbindlich Ihr ganz pers\u00f6nliches Angebot an!<\/p>\n<p>Sobald wir Ihr Club Logo in digitaler Form (jpg, pdf, gif, png) vorliegen haben, unterbreiten wir Ihnen sehr gerne Vorschl\u00e4ge zur Umsetzung.<\/p>\n<\/div>\n<\/div><\/div><div id=\"panel-38-0-0-2\" class=\"so-panel widget widget_sow-button panel-last-child\" data-index=\"2\" ><div\n\t\t\t\n\t\t\tclass=\"so-widget-sow-button so-widget-sow-button-wire-450d48a19bc7-38\"\n\t\t\t\n\t\t><div class=\"ow-button-base ow-button-align-left\">\n\t<a href=\"https:\/\/royal-images.de\/index.php\/kontakt\/\" class=\"ow-icon-placement-left ow-button-hover\" \t\t>\n\t\t<span>\n\t\t\t<span class=\"sow-icon-fontawesome sow-far\" data-sow-icon=\"&#xf1d8;\"\n\t\t \n\t\taria-hidden=\"true\"><\/span>\n\t\t\tAngebot anfordern\t\t<\/span>\n\t<\/a>\n<\/div>\n<\/div><\/div><\/div><div id=\"pgc-38-0-1\"  class=\"panel-grid-cell\" ><div id=\"panel-38-0-1-0\" class=\"so-panel widget widget_spacer panel-first-child\" data-index=\"3\" ><div\n\t\t\t\n\t\t\tclass=\"so-widget-spacer so-widget-spacer-spacer-style-d75171398898-38\"\n\t\t\t\n\t\t>\r\n\r\n\r\n\r\n\r\n<div class=\"spacer\" style=\"height: 3px\">\r\n<\/div><\/div><\/div><div id=\"panel-38-0-1-1\" class=\"so-panel widget widget_sow-image\" data-index=\"4\" ><div class=\"panel-widget-style panel-widget-style-for-38-0-1-1\" ><div\n\t\t\t\n\t\t\tclass=\"so-widget-sow-image so-widget-sow-image-default-4b231843ec72-38\"\n\t\t\t\n\t\t>\n\n<div class=\"sow-image-container\">\n\t\t\t<a href=\"\/index.php\/familienwappen\/\"\n\t\t\t\t\t>\n\t\t\t<img src=\"https:\/\/royal-images.de\/wp-content\/uploads\/2015\/10\/cont-cat-familienwappen-img-royal-images.png\" width=\"600\" height=\"266\" srcset=\"https:\/\/royal-images.de\/wp-content\/uploads\/2015\/10\/cont-cat-familienwappen-img-royal-images.png 600w, https:\/\/royal-images.de\/wp-content\/uploads\/2015\/10\/cont-cat-familienwappen-img-royal-images-300x133.png 300w\" sizes=\"(max-width: 600px) 100vw, 600px\" title=\"Familienwappen\" alt=\"Familienwappen\" loading=\"lazy\" \t\tclass=\"so-widget-image\"\/>\n\t<\/a><\/div>\n\n<\/div><\/div><\/div><div id=\"panel-38-0-1-2\" class=\"so-panel widget widget_sow-image\" data-index=\"5\" ><div class=\"panel-widget-style panel-widget-style-for-38-0-1-2\" ><div\n\t\t\t\n\t\t\tclass=\"so-widget-sow-image so-widget-sow-image-default-4b231843ec72-38\"\n\t\t\t\n\t\t>\n\n<div class=\"sow-image-container\">\n\t\t\t<a href=\"\/index.php\/krawatten\/\"\n\t\t\t\t\t>\n\t\t\t<img src=\"https:\/\/royal-images.de\/wp-content\/uploads\/2015\/10\/cont-cat-krawatten-img-royal-images.png\" width=\"600\" height=\"266\" srcset=\"https:\/\/royal-images.de\/wp-content\/uploads\/2015\/10\/cont-cat-krawatten-img-royal-images.png 600w, https:\/\/royal-images.de\/wp-content\/uploads\/2015\/10\/cont-cat-krawatten-img-royal-images-300x133.png 300w\" sizes=\"(max-width: 600px) 100vw, 600px\" title=\"Krawatten\" alt=\"Krawatten\" loading=\"lazy\" \t\tclass=\"so-widget-image\"\/>\n\t<\/a><\/div>\n\n<\/div><\/div><\/div><div id=\"panel-38-0-1-3\" class=\"so-panel widget widget_sow-image\" data-index=\"6\" ><div class=\"panel-widget-style panel-widget-style-for-38-0-1-3\" ><div\n\t\t\t\n\t\t\tclass=\"so-widget-sow-image so-widget-sow-image-default-4b231843ec72-38\"\n\t\t\t\n\t\t>\n\n<div class=\"sow-image-container\">\n\t\t\t<a href=\"\/index.php\/bag-tags\/\"\n\t\t\t\t\t>\n\t\t\t<img src=\"https:\/\/royal-images.de\/wp-content\/uploads\/2015\/10\/cont-cat-bagtags-img-royal-images.png\" width=\"600\" height=\"266\" srcset=\"https:\/\/royal-images.de\/wp-content\/uploads\/2015\/10\/cont-cat-bagtags-img-royal-images.png 600w, https:\/\/royal-images.de\/wp-content\/uploads\/2015\/10\/cont-cat-bagtags-img-royal-images-300x133.png 300w\" sizes=\"(max-width: 600px) 100vw, 600px\" title=\"Bag Tags\" alt=\"Bag Tags\" loading=\"lazy\" \t\tclass=\"so-widget-image\"\/>\n\t<\/a><\/div>\n\n<\/div><\/div><\/div><div id=\"panel-38-0-1-4\" class=\"so-panel widget widget_circleicon-widget\" data-index=\"7\" ><div class=\"panel-widget-style panel-widget-style-for-38-0-1-4\" >\t\t<div class=\"circle-icon-box circle-icon-position-top circle-icon-hide-box circle-icon-size-small\">\n\t\t\t<div class=\"circle-icon-wrapper\">\n\t\t\t\t\t\t\t\t<div class=\"circle-icon icon-style-set\" style=\"background-color: #daa520\">\n\t\t\t\t\t<div class=\"fa fa-exclamation icon-color-set\" ><\/div>\t\t\t\t<\/div>\n\t\t\t\t\t\t\t<\/div>\n\n\t\t\t\t\t\t<h4 >Tipp!<\/h4>\t\t\t\n\t\t\t<p class=\"text\" ><strong>MAGNETABZEICHEN \/ MAGNETLOGOS<\/strong> - Die Clubabzeichen werden zu 99% MIT unserer speziellen MAGNETBEFESTIGUNG bestellt!<\/p>\t\t\t\t\t<\/div>\n\t\t<\/div><\/div><div id=\"panel-38-0-1-5\" class=\"so-panel widget widget_sow-image\" data-index=\"8\" ><div class=\"panel-widget-style panel-widget-style-for-38-0-1-5\" ><div\n\t\t\t\n\t\t\tclass=\"so-widget-sow-image so-widget-sow-image-default-4b231843ec72-38\"\n\t\t\t\n\t\t>\n\n<div class=\"sow-image-container\">\n\t\t\t<a href=\"\/index.php\/kissen\/\"\n\t\t\t\t\t>\n\t\t\t<img src=\"https:\/\/royal-images.de\/wp-content\/uploads\/2015\/10\/cont-cat-kissen-img-royal-images.png\" width=\"600\" height=\"266\" srcset=\"https:\/\/royal-images.de\/wp-content\/uploads\/2015\/10\/cont-cat-kissen-img-royal-images.png 600w, https:\/\/royal-images.de\/wp-content\/uploads\/2015\/10\/cont-cat-kissen-img-royal-images-300x133.png 300w\" sizes=\"(max-width: 600px) 100vw, 600px\" title=\"Kissen\" alt=\"Kissen\" loading=\"lazy\" \t\tclass=\"so-widget-image\"\/>\n\t<\/a><\/div>\n\n<\/div><\/div><\/div><div id=\"panel-38-0-1-6\" class=\"so-panel widget widget_sow-image\" data-index=\"9\" ><div class=\"panel-widget-style panel-widget-style-for-38-0-1-6\" ><div\n\t\t\t\n\t\t\tclass=\"so-widget-sow-image so-widget-sow-image-default-4b231843ec72-38\"\n\t\t\t\n\t\t>\n\n<div class=\"sow-image-container\">\n\t\t\t<a href=\"\/index.php\/tischdecken\/\"\n\t\t\t\t\t>\n\t\t\t<img src=\"https:\/\/royal-images.de\/wp-content\/uploads\/2015\/10\/cont-cat-tischdecken-img-royal-images.png\" width=\"600\" height=\"266\" srcset=\"https:\/\/royal-images.de\/wp-content\/uploads\/2015\/10\/cont-cat-tischdecken-img-royal-images.png 600w, https:\/\/royal-images.de\/wp-content\/uploads\/2015\/10\/cont-cat-tischdecken-img-royal-images-300x133.png 300w\" sizes=\"(max-width: 600px) 100vw, 600px\" title=\"Tischdecken\" alt=\"Tischdecken\" loading=\"lazy\" \t\tclass=\"so-widget-image\"\/>\n\t<\/a><\/div>\n\n<\/div><\/div><\/div><div id=\"panel-38-0-1-7\" class=\"so-panel widget widget_sow-image panel-last-child\" data-index=\"10\" ><div class=\"panel-widget-style panel-widget-style-for-38-0-1-7\" ><div\n\t\t\t\n\t\t\tclass=\"so-widget-sow-image so-widget-sow-image-default-4b231843ec72-38\"\n\t\t\t\n\t\t>\n\n<div class=\"sow-image-container\">\n\t\t\t<a href=\"\/index.php\/wimpel\/\"\n\t\t\t\t\t>\n\t\t\t<img src=\"https:\/\/royal-images.de\/wp-content\/uploads\/2015\/10\/cont-cat-wimpel2-img-royal-images.png\" width=\"600\" height=\"266\" srcset=\"https:\/\/royal-images.de\/wp-content\/uploads\/2015\/10\/cont-cat-wimpel2-img-royal-images.png 600w, https:\/\/royal-images.de\/wp-content\/uploads\/2015\/10\/cont-cat-wimpel2-img-royal-images-300x133.png 300w\" sizes=\"(max-width: 600px) 100vw, 600px\" title=\"Wimpel\" alt=\"Wimpel\" loading=\"lazy\" \t\tclass=\"so-widget-image\"\/>\n\t<\/a><\/div>\n\n<\/div><\/div><\/div><\/div><\/div><div id=\"pg-38-1\"  class=\"panel-grid panel-has-style\" ><div class=\"siteorigin-panels-stretch panel-row-style-full-width panel-row-style panel-row-style-for-38-1\" style=\"background-color: #191919; \" data-stretch-type=\"full\" ><div id=\"pgc-38-1-0\"  class=\"panel-grid-cell\" ><div id=\"panel-38-1-0-0\" class=\"so-panel widget widget_metaslider_widget panel-first-child panel-last-child\" data-index=\"11\" ><div id=\"metaslider-id-139\" style=\"max-width: 1080px;\" class=\"ml-slider-3-28-0 metaslider metaslider-flex metaslider-139 ml-slider nav-hidden\">\n    <div id=\"metaslider_container_139\">\n        <div id=\"metaslider_139\">\n            <ul aria-live=\"polite\" class=\"slides\">\n                <li style=\"display: block; width: 100%;\" class=\"slide-471 ms-image\"><img src=\"https:\/\/royal-images.de\/wp-content\/uploads\/2015\/10\/cont-product-slide-clubabzeichen-fedg.png\" height=\"600\" width=\"1080\" alt=\"\" class=\"slider-139 slide-471\" \/><\/li>\n                <li style=\"display: none; width: 100%;\" class=\"slide-1409 ms-image\"><img src=\"https:\/\/royal-images.de\/wp-content\/uploads\/2016\/01\/cont-product-slide-clubabzeichen-colage6.png\" height=\"600\" width=\"1080\" alt=\"\" class=\"slider-139 slide-1409\" \/><\/li>\n                <li style=\"display: none; width: 100%;\" class=\"slide-1410 ms-image\"><img src=\"https:\/\/royal-images.de\/wp-content\/uploads\/2016\/01\/cont-product-slide-clubabzeichen-colage7.png\" height=\"600\" width=\"1080\" alt=\"\" class=\"slider-139 slide-1410\" \/><\/li>\n                <li style=\"display: none; width: 100%;\" class=\"slide-1408 ms-image\"><img src=\"https:\/\/royal-images.de\/wp-content\/uploads\/2016\/01\/cont-product-slide-clubabzeichen-colage5.png\" height=\"600\" width=\"1080\" alt=\"\" class=\"slider-139 slide-1408\" \/><\/li>\n                <li style=\"display: none; width: 100%;\" class=\"slide-1411 ms-image\"><img src=\"https:\/\/royal-images.de\/wp-content\/uploads\/2016\/01\/cont-product-slide-clubabzeichen-colage8.png\" height=\"600\" width=\"1080\" alt=\"\" class=\"slider-139 slide-1411\" \/><\/li>\n                <li style=\"display: none; width: 100%;\" class=\"slide-1406 ms-image\"><img src=\"https:\/\/royal-images.de\/wp-content\/uploads\/2016\/01\/cont-product-slide-clubabzeichen-colage3.png\" height=\"600\" width=\"1080\" alt=\"\" class=\"slider-139 slide-1406\" \/><\/li>\n                <li style=\"display: none; width: 100%;\" class=\"slide-440 ms-image\"><img src=\"https:\/\/royal-images.de\/wp-content\/uploads\/2015\/10\/cont-product-slide-clubabzeichen-colage1.png\" height=\"600\" width=\"1080\" alt=\"\" class=\"slider-139 slide-440\" \/><\/li>\n                <li style=\"display: none; width: 100%;\" class=\"slide-472 ms-image\"><img src=\"https:\/\/royal-images.de\/wp-content\/uploads\/2015\/10\/cont-product-slide-clubabzeichen-rga.png\" height=\"600\" width=\"1080\" alt=\"\" class=\"slider-139 slide-472\" \/><\/li>\n                <li style=\"display: none; width: 100%;\" class=\"slide-183 ms-image\"><img src=\"https:\/\/royal-images.de\/wp-content\/uploads\/2015\/10\/cont-product-slide-clubabzeichen-pcm.png\" height=\"600\" width=\"1080\" alt=\"\" class=\"slider-139 slide-183\" \/><\/li>\n                <li style=\"display: none; width: 100%;\" class=\"slide-1416 ms-image\"><img src=\"https:\/\/royal-images.de\/wp-content\/uploads\/2016\/01\/cont-product-slide-clubabzeichen-colage13.png\" height=\"600\" width=\"1080\" alt=\"\" class=\"slider-139 slide-1416\" \/><\/li>\n                <li style=\"display: none; width: 100%;\" class=\"slide-182 ms-image\"><img src=\"https:\/\/royal-images.de\/wp-content\/uploads\/2015\/10\/cont-product-slide-clubabzeichen-myc.png\" height=\"600\" width=\"1080\" alt=\"\" class=\"slider-139 slide-182\" \/><\/li>\n                <li style=\"display: none; width: 100%;\" class=\"slide-1417 ms-image\"><img src=\"https:\/\/royal-images.de\/wp-content\/uploads\/2016\/01\/cont-product-slide-clubabzeichen-shopping.png\" height=\"600\" width=\"1080\" alt=\"\" class=\"slider-139 slide-1417\" \/><\/li>\n                <li style=\"display: none; width: 100%;\" class=\"slide-1407 ms-image\"><img src=\"https:\/\/royal-images.de\/wp-content\/uploads\/2016\/01\/cont-product-slide-clubabzeichen-colage4.png\" height=\"600\" width=\"1080\" alt=\"\" class=\"slider-139 slide-1407\" \/><\/li>\n                <li style=\"display: none; width: 100%;\" class=\"slide-1418 ms-image\"><img src=\"https:\/\/royal-images.de\/wp-content\/uploads\/2016\/01\/cont-product-slide-clubabzeichen-tag.png\" height=\"600\" width=\"1080\" alt=\"\" class=\"slider-139 slide-1418\" \/><\/li>\n                <li style=\"display: none; width: 100%;\" class=\"slide-1415 ms-image\"><img src=\"https:\/\/royal-images.de\/wp-content\/uploads\/2016\/01\/cont-product-slide-clubabzeichen-colage12.png\" height=\"600\" width=\"1080\" alt=\"\" class=\"slider-139 slide-1415\" \/><\/li>\n                <li style=\"display: none; width: 100%;\" class=\"slide-1412 ms-image\"><img src=\"https:\/\/royal-images.de\/wp-content\/uploads\/2016\/01\/cont-product-slide-clubabzeichen-colage9.png\" height=\"600\" width=\"1080\" alt=\"\" class=\"slider-139 slide-1412\" \/><\/li>\n                <li style=\"display: none; width: 100%;\" class=\"slide-1414 ms-image\"><img src=\"https:\/\/royal-images.de\/wp-content\/uploads\/2016\/01\/cont-product-slide-clubabzeichen-colage11.png\" height=\"600\" width=\"1080\" alt=\"\" class=\"slider-139 slide-1414\" \/><\/li>\n                <li style=\"display: none; width: 100%;\" class=\"slide-1413 ms-image\"><img src=\"https:\/\/royal-images.de\/wp-content\/uploads\/2016\/01\/cont-product-slide-clubabzeichen-colage10.png\" height=\"600\" width=\"1080\" alt=\"\" class=\"slider-139 slide-1413\" \/><\/li>\n                <li style=\"display: none; width: 100%;\" class=\"slide-1405 ms-image\"><img src=\"https:\/\/royal-images.de\/wp-content\/uploads\/2016\/01\/cont-product-slide-clubabzeichen-colage2.png\" height=\"600\" width=\"1080\" alt=\"\" class=\"slider-139 slide-1405\" \/><\/li>\n                <li style=\"display: none; width: 100%;\" class=\"slide-184 ms-image\"><img src=\"https:\/\/royal-images.de\/wp-content\/uploads\/2015\/10\/cont-product-slide-clubabzeichen-roc.png\" height=\"600\" width=\"1080\" alt=\"\" class=\"slider-139 slide-184\" \/><\/li>\n                <li style=\"display: none; width: 100%;\" class=\"slide-470 ms-image\"><img src=\"https:\/\/royal-images.de\/wp-content\/uploads\/2015\/10\/cont-product-slide-clubabzeichen-asgs.png\" height=\"600\" width=\"1080\" alt=\"\" class=\"slider-139 slide-470\" \/><\/li>\n                <li style=\"display: none; width: 100%;\" class=\"slide-181 ms-image\"><img src=\"https:\/\/royal-images.de\/wp-content\/uploads\/2015\/10\/cont-product-slide-clubabzeichen-fussball.png\" height=\"600\" width=\"1080\" alt=\"\" class=\"slider-139 slide-181\" \/><\/li>\n            <\/ul>\n        <\/div>\n        \n    <\/div>\n<\/div><\/div><\/div><\/div><\/div><\/div>","protected":false},"excerpt":{"rendered":"<p>Sie suchen&#8230; Golfclub Abzeichen Yachtclub Abzeichen Motorsportabzeichen Vereinsabzeichen Magnetlogos Blazer Badges Clubwappen f\u00fcr Sakko oder Jacken handgestickte Aufn\u00e4her &#8230;dann sind Sie bei uns genau richtig! ROYAL IMAGES offeriert Ihnen allerfeinste handgestickte Club-, Vereins- oder Sportabzeichen, welche durch die zus\u00e4tzliche Verwendung von Gold- oder Silbermetallf\u00e4den ein \u00e4ussert elegantes und sehr hochwertiges Erscheinungsbild bieten. Feinste Handarbeit Ein handgesticktes Clubwappen unterscheidet sich in seiner Qualit\u00e4t erheblich von einem maschinell gesticktem Aufn\u00e4her. Speziell durch die Verwendung von Metallf\u00e4den, die plastisch erhabener sind als Garne, erzielt man wundersch\u00f6ne und hochwertige Effekte. Jedoch m\u00f6chte nicht jeder seinen Clubaufn\u00e4her fest mit dem Kleidungsst\u00fcck vern\u00e4hen. Royal Images hatte vor 30 Jahren die geniale Idee und erfand die r\u00fcckseitige [&hellip;]<\/p>\n","protected":false},"author":3,"featured_media":0,"parent":0,"menu_order":0,"comment_status":"closed","ping_status":"closed","template":"home-panels.php","meta":[],"language":[5],"_links":{"self":[{"href":"https:\/\/royal-images.de\/index.php\/wp-json\/wp\/v2\/pages\/38"}],"collection":[{"href":"https:\/\/royal-images.de\/index.php\/wp-json\/wp\/v2\/pages"}],"about":[{"href":"https:\/\/royal-images.de\/index.php\/wp-json\/wp\/v2\/types\/page"}],"author":[{"embeddable":true,"href":"https:\/\/royal-images.de\/index.php\/wp-json\/wp\/v2\/users\/3"}],"replies":[{"embeddable":true,"href":"https:\/\/royal-images.de\/index.php\/wp-json\/wp\/v2\/comments?post=38"}],"version-history":[{"count":36,"href":"https:\/\/royal-images.de\/index.php\/wp-json\/wp\/v2\/pages\/38\/revisions"}],"predecessor-version":[{"id":25873,"href":"https:\/\/royal-images.de\/index.php\/wp-json\/wp\/v2\/pages\/38\/revisions\/25873"}],"wp:attachment":[{"href":"https:\/\/royal-images.de\/index.php\/wp-json\/wp\/v2\/media?parent=38"}],"wp:term":[{"taxonomy":"language","embeddable":true,"href":"https:\/\/royal-images.de\/index.php\/wp-json\/wp\/v2\/language?post=38"}],"curies":[{"name":"wp","href":"https:\/\/api.w.org\/{rel}","templated":true}]}}