{"id":211,"date":"2015-10-25T13:00:47","date_gmt":"2015-10-25T13:00:47","guid":{"rendered":"http:\/\/wp12463780.server-he.de\/?page_id=211"},"modified":"2015-12-02T18:04:24","modified_gmt":"2015-12-02T18:04:24","slug":"tischdecken","status":"publish","type":"page","link":"https:\/\/royal-images.de\/index.php\/tischdecken\/","title":{"rendered":"Tischdecken"},"content":{"rendered":"<div id=\"pl-211\"  class=\"panel-layout\" ><div id=\"pg-211-0\"  class=\"panel-grid panel-no-style\" ><div id=\"pgc-211-0-0\"  class=\"panel-grid-cell\" ><div id=\"panel-211-0-0-0\" class=\"so-panel widget widget_spacer panel-first-child\" data-index=\"0\" ><div\n\t\t\t\n\t\t\tclass=\"so-widget-spacer so-widget-spacer-spacer-style-d75171398898-211\"\n\t\t\t\n\t\t>\r\n\r\n\r\n\r\n\r\n<div class=\"spacer\" style=\"height: 3px\">\r\n<\/div><\/div><\/div><div id=\"panel-211-0-0-1\" class=\"so-panel widget widget_sow-editor\" data-index=\"1\" ><div\n\t\t\t\n\t\t\tclass=\"so-widget-sow-editor so-widget-sow-editor-base\"\n\t\t\t\n\t\t><h3 class=\"widget-title\">Tischdecken<\/h3>\n<div class=\"siteorigin-widget-tinymce textwidget\">\n\t<p>Ihr Golfclub, Ihr Verein oder Ihr Unternehmen plant einen grossen Event und Sie suchen nach einer adequaten, sehr eleganten hochwertig ausschauenden Pr\u00e4sentations Tischdecke z.B. f\u00fcr eine Preisverleihung?<\/p>\n<p>Dann sind Sie bei uns richtig!<\/p>\n<blockquote>\n<p>Mit nichts (!) machen Sie wirklich mehr \"Bella Figura\" auf Ihrer Veranstaltung, als mit einer von uns handgefertigten Pr\u00e4sentations Tischdecke.<\/p>\n<\/blockquote>\n<h5>Ihr Clublogo - Ihr Vereinsabzeichen - Ihr Firmenlogo<\/h5>\n<p>wird passend zu Ihrer Tischgr\u00f6\u00dfe stark vergr\u00f6\u00dfert und in feinster Handarbeit auf einem schweren Filzstoff von Hand gestickt.<\/p>\n<p>Durch die zus\u00e4tzliche Verwendung von feinen Gold- und Silbermetallf\u00e4den (Bullion Stickerei) wirkt Ihr grossen Logo auf so einer handgefertigten Tischdecke besonders plastisch und \u00e4u\u00dferst edel. Ein absoluter Eye Catcher!<\/p>\n<hr \/>\n<h4>Pers\u00f6nliches Angebot<\/h4>\n<p>Z\u00f6gern Sie nicht und fordern Sie noch heute einfach, kostenlos und unverbindlich Ihr ganz pers\u00f6nliches Angebot an!<\/p>\n<p>Sobald wir Ihr Logo in digitaler Form (jpg, pdf, gif, png) vorliegen haben, unterbreiten wir Ihnen sehr gerne Vorschl\u00e4ge zur Umsetzung.<\/p>\n<blockquote>\n<p>Vertrauen Sie Royal Images dem Spezialisten, der seit mehr als 30 Jahren hochwertige Bullion-Handstickereien liefert.<\/p>\n<\/blockquote>\n<\/div>\n<\/div><\/div><div id=\"panel-211-0-0-2\" class=\"so-panel widget widget_sow-button panel-last-child\" data-index=\"2\" ><div\n\t\t\t\n\t\t\tclass=\"so-widget-sow-button so-widget-sow-button-wire-450d48a19bc7-211\"\n\t\t\t\n\t\t><div class=\"ow-button-base ow-button-align-left\">\n\t<a href=\"https:\/\/royal-images.de\/index.php\/kontakt\/\" class=\"ow-icon-placement-left ow-button-hover\" \t\t>\n\t\t<span>\n\t\t\t<span class=\"sow-icon-fontawesome sow-far\" data-sow-icon=\"&#xf1d8;\"\n\t\t \n\t\taria-hidden=\"true\"><\/span>\n\t\t\tAngebot anfordern\t\t<\/span>\n\t<\/a>\n<\/div>\n<\/div><\/div><\/div><div id=\"pgc-211-0-1\"  class=\"panel-grid-cell\" ><div id=\"panel-211-0-1-0\" class=\"so-panel widget widget_spacer panel-first-child\" data-index=\"3\" ><div\n\t\t\t\n\t\t\tclass=\"so-widget-spacer so-widget-spacer-spacer-style-d75171398898-211\"\n\t\t\t\n\t\t>\r\n\r\n\r\n\r\n\r\n<div class=\"spacer\" style=\"height: 3px\">\r\n<\/div><\/div><\/div><div id=\"panel-211-0-1-1\" class=\"so-panel widget widget_sow-image\" data-index=\"4\" ><div class=\"panel-widget-style panel-widget-style-for-211-0-1-1\" ><div\n\t\t\t\n\t\t\tclass=\"so-widget-sow-image so-widget-sow-image-default-4b231843ec72-211\"\n\t\t\t\n\t\t>\n\n<div class=\"sow-image-container\">\n\t\t\t<a href=\"https:\/\/royal-images.de\/index.php\/kissen\/\"\n\t\t\t\t\t>\n\t\t\t<img src=\"https:\/\/royal-images.de\/wp-content\/uploads\/2015\/10\/cont-cat-kissen-img-royal-images.png\" width=\"600\" height=\"266\" srcset=\"https:\/\/royal-images.de\/wp-content\/uploads\/2015\/10\/cont-cat-kissen-img-royal-images.png 600w, https:\/\/royal-images.de\/wp-content\/uploads\/2015\/10\/cont-cat-kissen-img-royal-images-300x133.png 300w\" sizes=\"(max-width: 600px) 100vw, 600px\" title=\"Kissen\" alt=\"Kissen\" loading=\"lazy\" \t\tclass=\"so-widget-image\"\/>\n\t<\/a><\/div>\n\n<\/div><\/div><\/div><div id=\"panel-211-0-1-2\" class=\"so-panel widget widget_sow-image\" data-index=\"5\" ><div class=\"panel-widget-style panel-widget-style-for-211-0-1-2\" ><div\n\t\t\t\n\t\t\tclass=\"so-widget-sow-image so-widget-sow-image-default-4b231843ec72-211\"\n\t\t\t\n\t\t>\n\n<div class=\"sow-image-container\">\n\t\t\t<a href=\"https:\/\/royal-images.de\/index.php\/wimpel\/\"\n\t\t\t\t\t>\n\t\t\t<img src=\"https:\/\/royal-images.de\/wp-content\/uploads\/2015\/10\/cont-cat-wimpel2-img-royal-images.png\" width=\"600\" height=\"266\" srcset=\"https:\/\/royal-images.de\/wp-content\/uploads\/2015\/10\/cont-cat-wimpel2-img-royal-images.png 600w, https:\/\/royal-images.de\/wp-content\/uploads\/2015\/10\/cont-cat-wimpel2-img-royal-images-300x133.png 300w\" sizes=\"(max-width: 600px) 100vw, 600px\" title=\"Wimpel\" alt=\"Wimpel\" loading=\"lazy\" \t\tclass=\"so-widget-image\"\/>\n\t<\/a><\/div>\n\n<\/div><\/div><\/div><div id=\"panel-211-0-1-3\" class=\"so-panel widget widget_sow-image\" data-index=\"6\" ><div class=\"panel-widget-style panel-widget-style-for-211-0-1-3\" ><div\n\t\t\t\n\t\t\tclass=\"so-widget-sow-image so-widget-sow-image-default-4b231843ec72-211\"\n\t\t\t\n\t\t>\n\n<div class=\"sow-image-container\">\n\t\t\t<a href=\"https:\/\/royal-images.de\/index.php\/fahnen\/\"\n\t\t\t\t\t>\n\t\t\t<img src=\"https:\/\/royal-images.de\/wp-content\/uploads\/2015\/10\/cont-cat-fahnen-img-royal-images.png\" width=\"600\" height=\"266\" srcset=\"https:\/\/royal-images.de\/wp-content\/uploads\/2015\/10\/cont-cat-fahnen-img-royal-images.png 600w, https:\/\/royal-images.de\/wp-content\/uploads\/2015\/10\/cont-cat-fahnen-img-royal-images-300x133.png 300w\" sizes=\"(max-width: 600px) 100vw, 600px\" title=\"Fahnen\" alt=\"Fahnen\" loading=\"lazy\" \t\tclass=\"so-widget-image\"\/>\n\t<\/a><\/div>\n\n<\/div><\/div><\/div><div id=\"panel-211-0-1-4\" class=\"so-panel widget widget_sow-image\" data-index=\"7\" ><div class=\"panel-widget-style panel-widget-style-for-211-0-1-4\" ><div\n\t\t\t\n\t\t\tclass=\"so-widget-sow-image so-widget-sow-image-default-4b231843ec72-211\"\n\t\t\t\n\t\t>\n\n<div class=\"sow-image-container\">\n\t\t\t<a href=\"https:\/\/royal-images.de\/index.php\/clubabzeichen\/\"\n\t\t\t\t\t>\n\t\t\t<img src=\"https:\/\/royal-images.de\/wp-content\/uploads\/2015\/10\/cont-cat-clubabzeichen-img-royal-images.png\" width=\"600\" height=\"266\" srcset=\"https:\/\/royal-images.de\/wp-content\/uploads\/2015\/10\/cont-cat-clubabzeichen-img-royal-images.png 600w, https:\/\/royal-images.de\/wp-content\/uploads\/2015\/10\/cont-cat-clubabzeichen-img-royal-images-300x133.png 300w\" sizes=\"(max-width: 600px) 100vw, 600px\" title=\"Clubabzeichen\" alt=\"Clubabzeichen\" loading=\"lazy\" \t\tclass=\"so-widget-image\"\/>\n\t<\/a><\/div>\n\n<\/div><\/div><\/div><div id=\"panel-211-0-1-5\" class=\"so-panel widget widget_sow-image panel-last-child\" data-index=\"8\" ><div class=\"panel-widget-style panel-widget-style-for-211-0-1-5\" ><div\n\t\t\t\n\t\t\tclass=\"so-widget-sow-image so-widget-sow-image-default-4b231843ec72-211\"\n\t\t\t\n\t\t>\n\n<div class=\"sow-image-container\">\n\t\t\t<a href=\"https:\/\/royal-images.de\/index.php\/krawatten\/\"\n\t\t\t\t\t>\n\t\t\t<img src=\"https:\/\/royal-images.de\/wp-content\/uploads\/2015\/10\/cont-cat-krawatten-img-royal-images.png\" width=\"600\" height=\"266\" srcset=\"https:\/\/royal-images.de\/wp-content\/uploads\/2015\/10\/cont-cat-krawatten-img-royal-images.png 600w, https:\/\/royal-images.de\/wp-content\/uploads\/2015\/10\/cont-cat-krawatten-img-royal-images-300x133.png 300w\" sizes=\"(max-width: 600px) 100vw, 600px\" title=\"Krawatten\" alt=\"Krawatten\" loading=\"lazy\" \t\tclass=\"so-widget-image\"\/>\n\t<\/a><\/div>\n\n<\/div><\/div><\/div><\/div><\/div><div id=\"pg-211-1\"  class=\"panel-grid panel-has-style\" ><div class=\"siteorigin-panels-stretch panel-row-style-full-width panel-row-style panel-row-style-for-211-1\" style=\"background-color: #191919; \" data-stretch-type=\"full\" ><div id=\"pgc-211-1-0\"  class=\"panel-grid-cell\" ><div id=\"panel-211-1-0-0\" class=\"so-panel widget widget_metaslider_widget panel-first-child panel-last-child\" data-index=\"9\" ><div id=\"metaslider-id-312\" style=\"max-width: 1080px;\" class=\"ml-slider-3-28-0 metaslider metaslider-flex metaslider-312 ml-slider nav-hidden\">\n    <div id=\"metaslider_container_312\">\n        <div id=\"metaslider_312\">\n            <ul aria-live=\"polite\" class=\"slides\">\n                <li style=\"display: block; width: 100%;\" class=\"slide-1396 ms-image\"><img src=\"https:\/\/royal-images.de\/wp-content\/uploads\/2016\/01\/cont-product-slide-tischdecken-4.png\" height=\"600\" width=\"1080\" alt=\"royal images\" class=\"slider-312 slide-1396\" \/><\/li>\n                <li style=\"display: none; width: 100%;\" class=\"slide-1397 ms-image\"><img src=\"https:\/\/royal-images.de\/wp-content\/uploads\/2016\/01\/cont-product-slide-tischdecken-5.png\" height=\"600\" width=\"1080\" alt=\"royal images\" class=\"slider-312 slide-1397\" \/><\/li>\n                <li style=\"display: none; width: 100%;\" class=\"slide-1401 ms-image\"><img src=\"https:\/\/royal-images.de\/wp-content\/uploads\/2016\/01\/cont-product-slide-tischdecken-9.png\" height=\"600\" width=\"1080\" alt=\"royal images\" class=\"slider-312 slide-1401\" \/><\/li>\n                <li style=\"display: none; width: 100%;\" class=\"slide-1400 ms-image\"><img src=\"https:\/\/royal-images.de\/wp-content\/uploads\/2016\/01\/cont-product-slide-tischdecken-8.png\" height=\"600\" width=\"1080\" alt=\"royal images\" class=\"slider-312 slide-1400\" \/><\/li>\n                <li style=\"display: none; width: 100%;\" class=\"slide-1395 ms-image\"><img src=\"https:\/\/royal-images.de\/wp-content\/uploads\/2016\/01\/cont-product-slide-tischdecken-3.png\" height=\"600\" width=\"1080\" alt=\"royal images\" class=\"slider-312 slide-1395\" \/><\/li>\n                <li style=\"display: none; width: 100%;\" class=\"slide-347 ms-image\"><img src=\"https:\/\/royal-images.de\/wp-content\/uploads\/2015\/10\/cont-product-slide-tischdecken-1.png\" height=\"600\" width=\"1080\" alt=\"\" class=\"slider-312 slide-347\" \/><\/li>\n                <li style=\"display: none; width: 100%;\" class=\"slide-348 ms-image\"><img src=\"https:\/\/royal-images.de\/wp-content\/uploads\/2015\/10\/cont-product-slide-tischdecken-2.png\" height=\"600\" width=\"1080\" alt=\"\" class=\"slider-312 slide-348\" \/><\/li>\n                <li style=\"display: none; width: 100%;\" class=\"slide-1399 ms-image\"><img src=\"https:\/\/royal-images.de\/wp-content\/uploads\/2016\/01\/cont-product-slide-tischdecken-7.png\" height=\"600\" width=\"1080\" alt=\"royal images\" class=\"slider-312 slide-1399\" \/><\/li>\n                <li style=\"display: none; width: 100%;\" class=\"slide-1398 ms-image\"><img src=\"https:\/\/royal-images.de\/wp-content\/uploads\/2016\/01\/cont-product-slide-tischdecken-6.png\" height=\"600\" width=\"1080\" alt=\"royal images\" class=\"slider-312 slide-1398\" \/><\/li>\n            <\/ul>\n        <\/div>\n        \n    <\/div>\n<\/div><\/div><\/div><\/div><\/div><\/div>","protected":false},"excerpt":{"rendered":"<p>Ihr Golfclub, Ihr Verein oder Ihr Unternehmen plant einen grossen Event und Sie suchen nach einer adequaten, sehr eleganten hochwertig ausschauenden Pr\u00e4sentations Tischdecke z.B. f\u00fcr eine Preisverleihung?Dann sind Sie bei uns richtig!Mit nichts (!) machen Sie wirklich mehr &#8222;Bella Figura&#8220; auf Ihrer Veranstaltung, als mit einer von uns handgefertigten Pr\u00e4sentations Tischdecke.Ihr Clublogo &#8211; Ihr Vereinsabzeichen &#8211; Ihr Firmenlogowird passend zu Ihrer Tischgr\u00f6\u00dfe stark vergr\u00f6\u00dfert und in feinster Handarbeit auf einem schweren Filzstoff von Hand gestickt.Durch die zus\u00e4tzliche Verwendung von feinen Gold- und Silbermetallf\u00e4den (Bullion Stickerei) wirkt Ihr grossen Logo auf so einer handgefertigten Tischdecke besonders plastisch und \u00e4u\u00dferst edel. Ein absoluter Eye Catcher!Pers\u00f6nliches AngebotZ\u00f6gern Sie nicht und fordern Sie noch [&hellip;]<\/p>\n","protected":false},"author":3,"featured_media":0,"parent":0,"menu_order":0,"comment_status":"closed","ping_status":"closed","template":"home-panels.php","meta":[],"language":[5],"_links":{"self":[{"href":"https:\/\/royal-images.de\/index.php\/wp-json\/wp\/v2\/pages\/211"}],"collection":[{"href":"https:\/\/royal-images.de\/index.php\/wp-json\/wp\/v2\/pages"}],"about":[{"href":"https:\/\/royal-images.de\/index.php\/wp-json\/wp\/v2\/types\/page"}],"author":[{"embeddable":true,"href":"https:\/\/royal-images.de\/index.php\/wp-json\/wp\/v2\/users\/3"}],"replies":[{"embeddable":true,"href":"https:\/\/royal-images.de\/index.php\/wp-json\/wp\/v2\/comments?post=211"}],"version-history":[{"count":9,"href":"https:\/\/royal-images.de\/index.php\/wp-json\/wp\/v2\/pages\/211\/revisions"}],"predecessor-version":[{"id":760,"href":"https:\/\/royal-images.de\/index.php\/wp-json\/wp\/v2\/pages\/211\/revisions\/760"}],"wp:attachment":[{"href":"https:\/\/royal-images.de\/index.php\/wp-json\/wp\/v2\/media?parent=211"}],"wp:term":[{"taxonomy":"language","embeddable":true,"href":"https:\/\/royal-images.de\/index.php\/wp-json\/wp\/v2\/language?post=211"}],"curies":[{"name":"wp","href":"https:\/\/api.w.org\/{rel}","templated":true}]}}