{"id":207,"date":"2015-10-25T12:58:01","date_gmt":"2015-10-25T12:58:01","guid":{"rendered":"http:\/\/wp12463780.server-he.de\/?page_id=207"},"modified":"2020-05-07T11:53:29","modified_gmt":"2020-05-07T11:53:29","slug":"bag-tags","status":"publish","type":"page","link":"https:\/\/royal-images.de\/index.php\/bag-tags\/","title":{"rendered":"Bag Tags"},"content":{"rendered":"<div id=\"pl-207\"  class=\"panel-layout\" ><div id=\"pg-207-0\"  class=\"panel-grid panel-no-style\" ><div id=\"pgc-207-0-0\"  class=\"panel-grid-cell\" ><div id=\"panel-207-0-0-0\" class=\"so-panel widget widget_spacer panel-first-child\" data-index=\"0\" ><div\n\t\t\t\n\t\t\tclass=\"so-widget-spacer so-widget-spacer-spacer-style-d75171398898-207\"\n\t\t\t\n\t\t>\r\n\r\n\r\n\r\n\r\n<div class=\"spacer\" style=\"height: 3px\">\r\n<\/div><\/div><\/div><div id=\"panel-207-0-0-1\" class=\"so-panel widget widget_sow-editor\" data-index=\"1\" ><div\n\t\t\t\n\t\t\tclass=\"so-widget-sow-editor so-widget-sow-editor-base\"\n\t\t\t\n\t\t><h3 class=\"widget-title\">Bag Tags<\/h3>\n<div class=\"siteorigin-widget-tinymce textwidget\">\n\t<blockquote>\n<p>Bag Tags \/ Golftaschen Anh\u00e4nger f\u00fcr Golf BAGS<\/p>\n<\/blockquote>\n<p>Sie sind auf der Suche nach nicht allt\u00e4glichen Golftaschen Anh\u00e4ngern, den sogenannten Bag Tags f\u00fcr Ihren Golfclub?<\/p>\n<p>Neben Kunststoff Anh\u00e4ngern f\u00fcr Golf Bags mit feinem Lederriehmchen kann Ihnen Royal Images auch zus\u00e4tzlich eine Anzahl von anderen individuellen Bag Tags anbieten. Wir w\u00e4re es z.B. mit einem sch\u00f6nen, edlen Bag Tag\u00a0 aus edlem Leder ?<\/p>\n<h5>Unser Angebot:<\/h5>\n<ul>\n<li>GOLF Leder Bag Tags bedruckt auf Vorder- und R\u00fcckseite mit Ihrem Logo<\/li>\n<li>GOLF Leder Bag Tags mit Ihrem maschinengestickten Clubabzeichen<\/li>\n<li>GOLF Leder Bag Tags mit Ihrem von Hand gestickten Clubabzeichen<\/li>\n<\/ul>\n<p>Alle unsere Leder Bag Tags mit gestickten Golfclub Logo k\u00f6nnen auf der R\u00fcckseite auch zus\u00e4tzlich individuell bedruckt werden kann - sogar ein individueller Namensdruck ist m\u00f6glich.<\/p>\n<hr \/>\n<h4>Pers\u00f6nliches Angebot<\/h4>\n<p>Z\u00f6gern Sie nicht und fordern Sie noch heute einfach, kostenlos und unverbindlich Ihr ganz pers\u00f6nliches Angebot an!<\/p>\n<p>Sobald wir Ihre Golfclub Logo in digitaler Form (jpg, pdf, gif, png) vorliegen haben, unterbreiten wir Ihnen sehr gerne Vorschl\u00e4ge zur Umsetzung<\/p>\n<\/div>\n<\/div><\/div><div id=\"panel-207-0-0-2\" class=\"so-panel widget widget_sow-button panel-last-child\" data-index=\"2\" ><div\n\t\t\t\n\t\t\tclass=\"so-widget-sow-button so-widget-sow-button-wire-450d48a19bc7-207\"\n\t\t\t\n\t\t><div class=\"ow-button-base ow-button-align-left\">\n\t<a href=\"https:\/\/royal-images.de\/index.php\/kontakt\/\" class=\"ow-icon-placement-left ow-button-hover\" \t\t>\n\t\t<span>\n\t\t\t<span class=\"sow-icon-fontawesome sow-far\" data-sow-icon=\"&#xf1d8;\"\n\t\t \n\t\taria-hidden=\"true\"><\/span>\n\t\t\tAngebot anfordern\t\t<\/span>\n\t<\/a>\n<\/div>\n<\/div><\/div><\/div><div id=\"pgc-207-0-1\"  class=\"panel-grid-cell\" ><div id=\"panel-207-0-1-0\" class=\"so-panel widget widget_spacer panel-first-child\" data-index=\"3\" ><div\n\t\t\t\n\t\t\tclass=\"so-widget-spacer so-widget-spacer-spacer-style-d75171398898-207\"\n\t\t\t\n\t\t>\r\n\r\n\r\n\r\n\r\n<div class=\"spacer\" style=\"height: 3px\">\r\n<\/div><\/div><\/div><div id=\"panel-207-0-1-1\" class=\"so-panel widget widget_sow-image\" data-index=\"4\" ><div class=\"panel-widget-style panel-widget-style-for-207-0-1-1\" ><div\n\t\t\t\n\t\t\tclass=\"so-widget-sow-image so-widget-sow-image-default-4b231843ec72-207\"\n\t\t\t\n\t\t>\n\n<div class=\"sow-image-container\">\n\t\t\t<a href=\"https:\/\/royal-images.de\/index.php\/clubabzeichen\/\"\n\t\t\t\t\t>\n\t\t\t<img src=\"https:\/\/royal-images.de\/wp-content\/uploads\/2015\/10\/cont-cat-clubabzeichen-img-royal-images.png\" width=\"600\" height=\"266\" srcset=\"https:\/\/royal-images.de\/wp-content\/uploads\/2015\/10\/cont-cat-clubabzeichen-img-royal-images.png 600w, https:\/\/royal-images.de\/wp-content\/uploads\/2015\/10\/cont-cat-clubabzeichen-img-royal-images-300x133.png 300w\" sizes=\"(max-width: 600px) 100vw, 600px\" title=\"Clubabzeichen\" alt=\"Clubabzeichen\" loading=\"lazy\" \t\tclass=\"so-widget-image\"\/>\n\t<\/a><\/div>\n\n<\/div><\/div><\/div><div id=\"panel-207-0-1-2\" class=\"so-panel widget widget_sow-image\" data-index=\"5\" ><div class=\"panel-widget-style panel-widget-style-for-207-0-1-2\" ><div\n\t\t\t\n\t\t\tclass=\"so-widget-sow-image so-widget-sow-image-default-4b231843ec72-207\"\n\t\t\t\n\t\t>\n\n<div class=\"sow-image-container\">\n\t\t\t<a href=\"https:\/\/royal-images.de\/index.php\/familienwappen\/\"\n\t\t\t\t\t>\n\t\t\t<img src=\"https:\/\/royal-images.de\/wp-content\/uploads\/2015\/10\/cont-cat-familienwappen-img-royal-images.png\" width=\"600\" height=\"266\" srcset=\"https:\/\/royal-images.de\/wp-content\/uploads\/2015\/10\/cont-cat-familienwappen-img-royal-images.png 600w, https:\/\/royal-images.de\/wp-content\/uploads\/2015\/10\/cont-cat-familienwappen-img-royal-images-300x133.png 300w\" sizes=\"(max-width: 600px) 100vw, 600px\" title=\"Familienwappen\" alt=\"Familienwappen\" loading=\"lazy\" \t\tclass=\"so-widget-image\"\/>\n\t<\/a><\/div>\n\n<\/div><\/div><\/div><div id=\"panel-207-0-1-3\" class=\"so-panel widget widget_sow-image\" data-index=\"6\" ><div class=\"panel-widget-style panel-widget-style-for-207-0-1-3\" ><div\n\t\t\t\n\t\t\tclass=\"so-widget-sow-image so-widget-sow-image-default-4b231843ec72-207\"\n\t\t\t\n\t\t>\n\n<div class=\"sow-image-container\">\n\t\t\t<a href=\"https:\/\/royal-images.de\/index.php\/wimpel\/\"\n\t\t\t\t\t>\n\t\t\t<img src=\"https:\/\/royal-images.de\/wp-content\/uploads\/2015\/10\/cont-cat-wimpel2-img-royal-images.png\" width=\"600\" height=\"266\" srcset=\"https:\/\/royal-images.de\/wp-content\/uploads\/2015\/10\/cont-cat-wimpel2-img-royal-images.png 600w, https:\/\/royal-images.de\/wp-content\/uploads\/2015\/10\/cont-cat-wimpel2-img-royal-images-300x133.png 300w\" sizes=\"(max-width: 600px) 100vw, 600px\" title=\"Wimpel\" alt=\"Wimpel\" loading=\"lazy\" \t\tclass=\"so-widget-image\"\/>\n\t<\/a><\/div>\n\n<\/div><\/div><\/div><div id=\"panel-207-0-1-4\" class=\"so-panel widget widget_sow-image\" data-index=\"7\" ><div class=\"panel-widget-style panel-widget-style-for-207-0-1-4\" ><div\n\t\t\t\n\t\t\tclass=\"so-widget-sow-image so-widget-sow-image-default-4b231843ec72-207\"\n\t\t\t\n\t\t>\n\n<div class=\"sow-image-container\">\n\t\t\t<a href=\"https:\/\/royal-images.de\/index.php\/fahnen\/\"\n\t\t\t\t\t>\n\t\t\t<img src=\"https:\/\/royal-images.de\/wp-content\/uploads\/2015\/10\/cont-cat-fahnen-img-royal-images.png\" width=\"600\" height=\"266\" srcset=\"https:\/\/royal-images.de\/wp-content\/uploads\/2015\/10\/cont-cat-fahnen-img-royal-images.png 600w, https:\/\/royal-images.de\/wp-content\/uploads\/2015\/10\/cont-cat-fahnen-img-royal-images-300x133.png 300w\" sizes=\"(max-width: 600px) 100vw, 600px\" title=\"Fahnen\" alt=\"Fahnen\" loading=\"lazy\" \t\tclass=\"so-widget-image\"\/>\n\t<\/a><\/div>\n\n<\/div><\/div><\/div><div id=\"panel-207-0-1-5\" class=\"so-panel widget widget_sow-image panel-last-child\" data-index=\"8\" ><div class=\"panel-widget-style panel-widget-style-for-207-0-1-5\" ><div\n\t\t\t\n\t\t\tclass=\"so-widget-sow-image so-widget-sow-image-default-4b231843ec72-207\"\n\t\t\t\n\t\t>\n\n<div class=\"sow-image-container\">\n\t\t\t<a href=\"https:\/\/royal-images.de\/index.php\/tischdecken\/\"\n\t\t\t\t\t>\n\t\t\t<img src=\"https:\/\/royal-images.de\/wp-content\/uploads\/2015\/10\/cont-cat-tischdecken-img-royal-images.png\" width=\"600\" height=\"266\" srcset=\"https:\/\/royal-images.de\/wp-content\/uploads\/2015\/10\/cont-cat-tischdecken-img-royal-images.png 600w, https:\/\/royal-images.de\/wp-content\/uploads\/2015\/10\/cont-cat-tischdecken-img-royal-images-300x133.png 300w\" sizes=\"(max-width: 600px) 100vw, 600px\" title=\"Tischdecken\" alt=\"Tischdecken\" loading=\"lazy\" \t\tclass=\"so-widget-image\"\/>\n\t<\/a><\/div>\n\n<\/div><\/div><\/div><\/div><\/div><div id=\"pg-207-1\"  class=\"panel-grid panel-has-style\" ><div class=\"siteorigin-panels-stretch panel-row-style-full-width panel-row-style panel-row-style-for-207-1\" style=\"background-color: #191919; \" data-stretch-type=\"full\" ><div id=\"pgc-207-1-0\"  class=\"panel-grid-cell\" ><div id=\"panel-207-1-0-0\" class=\"so-panel widget widget_metaslider_widget panel-first-child panel-last-child\" data-index=\"9\" ><div id=\"metaslider-id-310\" style=\"max-width: 1080px;\" class=\"ml-slider-3-28-0 metaslider metaslider-flex metaslider-310 ml-slider nav-hidden\">\n    <div id=\"metaslider_container_310\">\n        <div id=\"metaslider_310\">\n            <ul aria-live=\"polite\" class=\"slides\">\n                <li style=\"display: block; width: 100%;\" class=\"slide-462 ms-image\"><img src=\"https:\/\/royal-images.de\/wp-content\/uploads\/2015\/10\/cont-product-slide-bagtags-3.png\" height=\"600\" width=\"1080\" alt=\"\" class=\"slider-310 slide-462\" \/><\/li>\n                <li style=\"display: none; width: 100%;\" class=\"slide-461 ms-image\"><img src=\"https:\/\/royal-images.de\/wp-content\/uploads\/2015\/10\/cont-product-slide-bagtags-2.png\" height=\"600\" width=\"1080\" alt=\"\" class=\"slider-310 slide-461\" \/><\/li>\n                <li style=\"display: none; width: 100%;\" class=\"slide-352 ms-image\"><img src=\"https:\/\/royal-images.de\/wp-content\/uploads\/2015\/10\/cont-product-slide-bagtags-1.png\" height=\"600\" width=\"1080\" alt=\"\" class=\"slider-310 slide-352\" \/><\/li>\n            <\/ul>\n        <\/div>\n        \n    <\/div>\n<\/div><\/div><\/div><\/div><\/div><\/div>","protected":false},"excerpt":{"rendered":"<p>Bag Tags \/ Golftaschen Anh\u00e4nger f\u00fcr Golf BAGSSie sind auf der Suche nach nicht allt\u00e4glichen Golftaschen Anh\u00e4ngern, den sogenannten Bag Tags f\u00fcr Ihren Golfclub?Neben Kunststoff Anh\u00e4ngern f\u00fcr Golf Bags mit feinem Lederriehmchen kann Ihnen Royal Images auch zus\u00e4tzlich eine Anzahl von anderen individuellen Bag Tags anbieten. Wir w\u00e4re es z.B. mit einem sch\u00f6nen, edlen Bag Tag\u00a0 aus edlem Leder ?Unser Angebot:GOLF Leder Bag Tags bedruckt auf Vorder- und R\u00fcckseite mit Ihrem LogoGOLF Leder Bag Tags mit Ihrem maschinengestickten ClubabzeichenGOLF Leder Bag Tags mit Ihrem von Hand gestickten ClubabzeichenAlle unsere Leder Bag Tags mit gestickten Golfclub Logo k\u00f6nnen auf der R\u00fcckseite auch zus\u00e4tzlich individuell bedruckt werden kann &#8211; sogar ein individueller [&hellip;]<\/p>\n","protected":false},"author":3,"featured_media":0,"parent":0,"menu_order":0,"comment_status":"closed","ping_status":"closed","template":"home-panels.php","meta":[],"language":[5],"_links":{"self":[{"href":"https:\/\/royal-images.de\/index.php\/wp-json\/wp\/v2\/pages\/207"}],"collection":[{"href":"https:\/\/royal-images.de\/index.php\/wp-json\/wp\/v2\/pages"}],"about":[{"href":"https:\/\/royal-images.de\/index.php\/wp-json\/wp\/v2\/types\/page"}],"author":[{"embeddable":true,"href":"https:\/\/royal-images.de\/index.php\/wp-json\/wp\/v2\/users\/3"}],"replies":[{"embeddable":true,"href":"https:\/\/royal-images.de\/index.php\/wp-json\/wp\/v2\/comments?post=207"}],"version-history":[{"count":13,"href":"https:\/\/royal-images.de\/index.php\/wp-json\/wp\/v2\/pages\/207\/revisions"}],"predecessor-version":[{"id":5651,"href":"https:\/\/royal-images.de\/index.php\/wp-json\/wp\/v2\/pages\/207\/revisions\/5651"}],"wp:attachment":[{"href":"https:\/\/royal-images.de\/index.php\/wp-json\/wp\/v2\/media?parent=207"}],"wp:term":[{"taxonomy":"language","embeddable":true,"href":"https:\/\/royal-images.de\/index.php\/wp-json\/wp\/v2\/language?post=207"}],"curies":[{"name":"wp","href":"https:\/\/api.w.org\/{rel}","templated":true}]}}