{"id":17,"date":"2015-10-23T14:50:06","date_gmt":"2015-10-23T14:50:06","guid":{"rendered":"http:\/\/wp12463780.server-he.de\/?page_id=17"},"modified":"2020-05-07T17:53:43","modified_gmt":"2020-05-07T17:53:43","slug":"home-it","status":"publish","type":"page","link":"https:\/\/royal-images.de\/index.php\/home-it\/","title":{"rendered":"Royal Images"},"content":{"rendered":"<div id=\"pl-17\"  class=\"panel-layout\" ><div id=\"pg-17-0\"  class=\"panel-grid panel-has-style\" ><div style=\"background-color: #191919; \" class=\"panel-row-style panel-row-style-for-17-0\" ><div id=\"pgc-17-0-0\"  class=\"panel-grid-cell\" ><div id=\"panel-17-0-0-0\" class=\"so-panel widget widget_sow-image panel-first-child\" data-index=\"0\" ><div class=\"panel-widget-style panel-widget-style-for-17-0-0-0\" ><div\n\t\t\t\n\t\t\tclass=\"so-widget-sow-image so-widget-sow-image-default-4b231843ec72-17\"\n\t\t\t\n\t\t>\n\n<div class=\"sow-image-container\">\n\t\t\t<a href=\"https:\/\/royal-images.de\/index.php\/scudetti\/\"\n\t\t\t\t\t>\n\t\t\t<img src=\"https:\/\/royal-images.de\/wp-content\/uploads\/2015\/11\/cont-cat-scudetti-img-royal-images.png\" width=\"600\" height=\"266\" srcset=\"https:\/\/royal-images.de\/wp-content\/uploads\/2015\/11\/cont-cat-scudetti-img-royal-images.png 600w, https:\/\/royal-images.de\/wp-content\/uploads\/2015\/11\/cont-cat-scudetti-img-royal-images-300x133.png 300w\" sizes=\"(max-width: 600px) 100vw, 600px\" title=\"Scudetti\" alt=\"Scudetti\" loading=\"lazy\" \t\tclass=\"so-widget-image\"\/>\n\t<\/a><\/div>\n\n<\/div><\/div><\/div><div id=\"panel-17-0-0-1\" class=\"so-panel widget widget_sow-image\" data-index=\"1\" ><div class=\"panel-widget-style panel-widget-style-for-17-0-0-1\" ><div\n\t\t\t\n\t\t\tclass=\"so-widget-sow-image so-widget-sow-image-default-4b231843ec72-17\"\n\t\t\t\n\t\t>\n\n<div class=\"sow-image-container\">\n\t\t\t<a href=\"https:\/\/royal-images.de\/index.php\/bandiere\/\"\n\t\t\t\t\t>\n\t\t\t<img src=\"https:\/\/royal-images.de\/wp-content\/uploads\/2015\/12\/cont-cat-bandiere-img-royal-images.png\" width=\"600\" height=\"266\" srcset=\"https:\/\/royal-images.de\/wp-content\/uploads\/2015\/12\/cont-cat-bandiere-img-royal-images.png 600w, https:\/\/royal-images.de\/wp-content\/uploads\/2015\/12\/cont-cat-bandiere-img-royal-images-300x133.png 300w\" sizes=\"(max-width: 600px) 100vw, 600px\" title=\"Bandiere\" alt=\"Bandiere\" loading=\"lazy\" \t\tclass=\"so-widget-image\"\/>\n\t<\/a><\/div>\n\n<\/div><\/div><\/div><div id=\"panel-17-0-0-2\" class=\"so-panel widget widget_sow-image panel-last-child\" data-index=\"2\" ><div class=\"panel-widget-style panel-widget-style-for-17-0-0-2\" ><div\n\t\t\t\n\t\t\tclass=\"so-widget-sow-image so-widget-sow-image-default-4b231843ec72-17\"\n\t\t\t\n\t\t>\n\n<div class=\"sow-image-container\">\n\t\t\t<a href=\"https:\/\/royal-images.de\/index.php\/cravatte\/\"\n\t\t\t\t\t>\n\t\t\t<img src=\"https:\/\/royal-images.de\/wp-content\/uploads\/2015\/12\/cont-cat-cravatte-img-royal-images.png\" width=\"600\" height=\"266\" srcset=\"https:\/\/royal-images.de\/wp-content\/uploads\/2015\/12\/cont-cat-cravatte-img-royal-images.png 600w, https:\/\/royal-images.de\/wp-content\/uploads\/2015\/12\/cont-cat-cravatte-img-royal-images-300x133.png 300w\" sizes=\"(max-width: 600px) 100vw, 600px\" title=\"Cravatte\" alt=\"Cravatte\" loading=\"lazy\" \t\tclass=\"so-widget-image\"\/>\n\t<\/a><\/div>\n\n<\/div><\/div><\/div><\/div><div id=\"pgc-17-0-1\"  class=\"panel-grid-cell\" ><div id=\"panel-17-0-1-0\" class=\"so-panel widget widget_sow-image panel-first-child\" data-index=\"3\" ><div class=\"panel-widget-style panel-widget-style-for-17-0-1-0\" ><div\n\t\t\t\n\t\t\tclass=\"so-widget-sow-image so-widget-sow-image-default-4b231843ec72-17\"\n\t\t\t\n\t\t>\n\n<div class=\"sow-image-container\">\n\t\t\t<a href=\"https:\/\/royal-images.de\/index.php\/stemma-di-famiglia\/\"\n\t\t\t\t\t>\n\t\t\t<img src=\"https:\/\/royal-images.de\/wp-content\/uploads\/2015\/10\/cont-cat-stemma-di-famiglia-img-royal-images.png\" width=\"600\" height=\"266\" srcset=\"https:\/\/royal-images.de\/wp-content\/uploads\/2015\/10\/cont-cat-stemma-di-famiglia-img-royal-images.png 600w, https:\/\/royal-images.de\/wp-content\/uploads\/2015\/10\/cont-cat-stemma-di-famiglia-img-royal-images-300x133.png 300w\" sizes=\"(max-width: 600px) 100vw, 600px\" title=\"Stemma di Famiglia\" alt=\"Stemma di Famiglia\" loading=\"lazy\" \t\tclass=\"so-widget-image\"\/>\n\t<\/a><\/div>\n\n<\/div><\/div><\/div><div id=\"panel-17-0-1-1\" class=\"so-panel widget widget_sow-image\" data-index=\"4\" ><div class=\"panel-widget-style panel-widget-style-for-17-0-1-1\" ><div\n\t\t\t\n\t\t\tclass=\"so-widget-sow-image so-widget-sow-image-default-4b231843ec72-17\"\n\t\t\t\n\t\t>\n\n<div class=\"sow-image-container\">\n\t\t\t<a href=\"https:\/\/royal-images.de\/index.php\/cuscini\/\"\n\t\t\t\t\t>\n\t\t\t<img src=\"https:\/\/royal-images.de\/wp-content\/uploads\/2015\/12\/cont-cat-cuscini-img-royal-images.png\" width=\"600\" height=\"266\" srcset=\"https:\/\/royal-images.de\/wp-content\/uploads\/2015\/12\/cont-cat-cuscini-img-royal-images.png 600w, https:\/\/royal-images.de\/wp-content\/uploads\/2015\/12\/cont-cat-cuscini-img-royal-images-300x133.png 300w\" sizes=\"(max-width: 600px) 100vw, 600px\" title=\"Cuscini\" alt=\"Cuscini\" loading=\"lazy\" \t\tclass=\"so-widget-image\"\/>\n\t<\/a><\/div>\n\n<\/div><\/div><\/div><div id=\"panel-17-0-1-2\" class=\"so-panel widget widget_sow-image panel-last-child\" data-index=\"5\" ><div class=\"panel-widget-style panel-widget-style-for-17-0-1-2\" ><div\n\t\t\t\n\t\t\tclass=\"so-widget-sow-image so-widget-sow-image-default-4b231843ec72-17\"\n\t\t\t\n\t\t>\n\n<div class=\"sow-image-container\">\n\t\t\t<a href=\"https:\/\/royal-images.de\/index.php\/tovaglia\/\"\n\t\t\t\t\t>\n\t\t\t<img src=\"https:\/\/royal-images.de\/wp-content\/uploads\/2015\/12\/cont-cat-tovaglia-img-royal-images.png\" width=\"600\" height=\"266\" srcset=\"https:\/\/royal-images.de\/wp-content\/uploads\/2015\/12\/cont-cat-tovaglia-img-royal-images.png 600w, https:\/\/royal-images.de\/wp-content\/uploads\/2015\/12\/cont-cat-tovaglia-img-royal-images-300x133.png 300w\" sizes=\"(max-width: 600px) 100vw, 600px\" title=\"Tovaglia\" alt=\"Tovaglia\" loading=\"lazy\" \t\tclass=\"so-widget-image\"\/>\n\t<\/a><\/div>\n\n<\/div><\/div><\/div><\/div><div id=\"pgc-17-0-2\"  class=\"panel-grid-cell\" ><div id=\"panel-17-0-2-0\" class=\"so-panel widget widget_sow-image panel-first-child\" data-index=\"6\" ><div class=\"panel-widget-style panel-widget-style-for-17-0-2-0\" ><div\n\t\t\t\n\t\t\tclass=\"so-widget-sow-image so-widget-sow-image-default-4b231843ec72-17\"\n\t\t\t\n\t\t>\n\n<div class=\"sow-image-container\">\n\t\t\t<a href=\"https:\/\/royal-images.de\/index.php\/gagliardetti\/\"\n\t\t\t\t\t>\n\t\t\t<img src=\"https:\/\/royal-images.de\/wp-content\/uploads\/2015\/12\/cont-cat-gagliardetti-img-royal-images.png\" width=\"600\" height=\"266\" srcset=\"https:\/\/royal-images.de\/wp-content\/uploads\/2015\/12\/cont-cat-gagliardetti-img-royal-images.png 600w, https:\/\/royal-images.de\/wp-content\/uploads\/2015\/12\/cont-cat-gagliardetti-img-royal-images-300x133.png 300w\" sizes=\"(max-width: 600px) 100vw, 600px\" title=\"Gagliardetti\" alt=\"Gagliardetti\" loading=\"lazy\" \t\tclass=\"so-widget-image\"\/>\n\t<\/a><\/div>\n\n<\/div><\/div><\/div><div id=\"panel-17-0-2-1\" class=\"so-panel widget widget_sow-image\" data-index=\"7\" ><div class=\"panel-widget-style panel-widget-style-for-17-0-2-1\" ><div\n\t\t\t\n\t\t\tclass=\"so-widget-sow-image so-widget-sow-image-default-4b231843ec72-17\"\n\t\t\t\n\t\t>\n\n<div class=\"sow-image-container\">\n\t\t\t<a href=\"https:\/\/royal-images.de\/index.php\/bag-tags-5\/\"\n\t\t\t\t\t>\n\t\t\t<img src=\"https:\/\/royal-images.de\/wp-content\/uploads\/2015\/10\/cont-cat-bagtags-img-royal-images.png\" width=\"600\" height=\"266\" srcset=\"https:\/\/royal-images.de\/wp-content\/uploads\/2015\/10\/cont-cat-bagtags-img-royal-images.png 600w, https:\/\/royal-images.de\/wp-content\/uploads\/2015\/10\/cont-cat-bagtags-img-royal-images-300x133.png 300w\" sizes=\"(max-width: 600px) 100vw, 600px\" title=\"Bag Tags\" alt=\"Bag Tags\" loading=\"lazy\" \t\tclass=\"so-widget-image\"\/>\n\t<\/a><\/div>\n\n<\/div><\/div><\/div><div id=\"panel-17-0-2-2\" class=\"so-panel widget widget_sow-image panel-last-child\" data-index=\"8\" ><div class=\"panel-widget-style panel-widget-style-for-17-0-2-2\" ><div\n\t\t\t\n\t\t\tclass=\"so-widget-sow-image so-widget-sow-image-default-4b231843ec72-17\"\n\t\t\t\n\t\t>\n\n<div class=\"sow-image-container\">\n\t\t\t<a href=\"https:\/\/royal-images.de\/index.php\/varie\/\"\n\t\t\t\t\t>\n\t\t\t<img src=\"https:\/\/royal-images.de\/wp-content\/uploads\/2015\/12\/cont-cat-varie-img-royal-images.png\" width=\"600\" height=\"266\" srcset=\"https:\/\/royal-images.de\/wp-content\/uploads\/2015\/12\/cont-cat-varie-img-royal-images.png 600w, https:\/\/royal-images.de\/wp-content\/uploads\/2015\/12\/cont-cat-varie-img-royal-images-300x133.png 300w\" sizes=\"(max-width: 600px) 100vw, 600px\" title=\"Varie\" alt=\"Varie\" loading=\"lazy\" \t\tclass=\"so-widget-image\"\/>\n\t<\/a><\/div>\n\n<\/div><\/div><\/div><\/div><\/div><\/div><div id=\"pg-17-1\"  class=\"panel-grid panel-no-style\" ><div id=\"pgc-17-1-0\"  class=\"panel-grid-cell\" ><div id=\"panel-17-1-0-0\" class=\"so-panel widget widget_sow-editor panel-first-child panel-last-child\" data-index=\"9\" ><div\n\t\t\t\n\t\t\tclass=\"so-widget-sow-editor so-widget-sow-editor-base\"\n\t\t\t\n\t\t><h3 class=\"widget-title\">Benvenuti a Royal Images<\/h3>\n<div class=\"siteorigin-widget-tinymce textwidget\">\n\t<p>Royal Images - LA societ\u00e0 leader del mercato in Europa, con sede in Italia (precedentemente in Germania) \u00e8 da pi\u00f9 di 30 anni il Suo indirizzo di fiducia cui rivolgersi per richiedere pregiatissimi ed eleganti scudetti e distintivi magnetici ricamati a mano.<\/p>\n<p>Con molto orgoglio possiamo dire che Royal Images ha inventato e perfezionato nel corso degli anni gli speciali DISTINTIVI MAGNETICI DEL GOLF, tanto amati dai frequentatori dei golf club.<\/p>\n<p>Fra i nostri clienti pi\u00f9 entusiasti annoveriamo - per il solo golf - oltre 1.000 (!!!) Golf club dell'area europea.<br \/>\nApprofitti della nostra decennale esperienza nella realizzazione di distintivi da giacca di alta qualit\u00e0, oltre che della nostra innovativa invenzione: i distintivi magnetici facilmente trasferibili da un capo di abbigliamento all'altro, senza necessit\u00e0 di scucirli e ricucirli ogni volta.<\/p>\n<blockquote><p>Tutti gli stemmi sono realizzati a mano presso la nostra azienda con grande entusiasmo e cura per i dettagli dalle mani di abili ed esperte ricamatrici qualificate.<\/p><\/blockquote>\n<p>Fra i pi\u00f9 fedeli clienti di Royal Images, oltre a numerose agenzie governative, ci sono in particolare:<\/p>\n<ul>\n<li>Circoli golfistici e loro pro-shop<\/li>\n<li>Associazioni di golfisti<\/li>\n<li>Yacht Club<\/li>\n<li>Associazioni sportive motoristiche e loro holding<\/li>\n<li>Circoli di auto d'epoca e club automobilistici<\/li>\n<li>Circoli e associazioni di polo<\/li>\n<li>Rotary Club<\/li>\n<li>Lions Club<\/li>\n<li>Squadre di calcio e societ\u00e0 e federazioni calcistiche<\/li>\n<li>Circoli del tennis<\/li>\n<li>Club di hockey<\/li>\n<li>Associazioni carnevalesche<\/li>\n<li>Societ\u00e0 di tiro con l'arco<\/li>\n<li>Associazioni studentesche<\/li>\n<li>Associazioni culturali<\/li>\n<li>Aziende e clienti presenti alle fiere<\/li>\n<li>Nobili e titolari di stemmi di famiglia<\/li>\n<li>Industria della moda e stilist<\/li>\n<\/ul>\n<blockquote><p>Si affidi a mani esperte e alla nostra pluriennale esperienza nella realizzazione di eleganti stemmi ricamati. Colga i vantaggi offerti dai nostri innovativi distintivi magnetici!<\/p><\/blockquote>\n<p>Tutti i nostri articoli sono realizzati con squisita maestria artigianale in base alle Sue personali esigenze.<br \/>\nPatch ricamati per club, distintivi per blazer, cravatte, stemmi di famiglia, bandiere di associazioni e comuni per interni, banner, gagliardetti simbolo di amicizia, stendardi per auto, loghi aziendali, cuscini in velluto, maxi stemmi e perfino arazzi.<br \/>\nRealizziamo volentieri per Lei anche etichette per borse e valige, targhette per bagagli in pelle, metallo o plastica, tovaglie per feste e cerimonie private - tutti personalizzati in base alle Sue personali esigenze.<\/p>\n<blockquote><p>Esclusivi ricami a mano sono la nostra specialit\u00e0 da pi\u00f9 di 30 anni. La nostra esperienza e la nostra competenza garantiscono la perfetta realizzazione dei Suoi desideri.<\/p><\/blockquote>\n<p>Sarebbe quindi per noi un vero piacere fornirLe una consulenza personalizzata per individuare e realizzare le Sue pregevoli idee.<\/p>\n<p>Resto in attesa della Sua richiesta, per poter Le sottoporre un preventivo - sulla base del Suo logo.<\/p>\n<p><img src=\"https:\/\/royal-images.de\/wp-content\/uploads\/2015\/11\/signatur-birgit-wirtz-kraus.png\" alt=\"Birgit Sandra Wirtz-Kraus\" \/><\/p>\n<\/div>\n<\/div><\/div><\/div><div id=\"pgc-17-1-1\"  class=\"panel-grid-cell\" ><div id=\"panel-17-1-1-0\" class=\"so-panel widget widget_text panel-first-child\" data-index=\"10\" ><h3 class=\"widget-title\">Contattaci<\/h3>\t\t\t<div class=\"textwidget\"><p>Il ns numero di telefono:<\/p>\n<p style=\"font-size:1.3em;color:#DAA520;text-align:center;\">+39 0183 52 841<\/p>\n<p>o inviateci una email:<\/p>\n<\/div>\n\t\t<\/div><div id=\"panel-17-1-1-1\" class=\"so-panel widget widget_text\" data-index=\"11\" >\t\t\t<div class=\"textwidget\"><div class=\"wpcf7 no-js\" id=\"wpcf7-f649-o1\" lang=\"it-IT\" dir=\"ltr\">\n<div class=\"screen-reader-response\"><p role=\"status\" aria-live=\"polite\" aria-atomic=\"true\"><\/p> <ul><\/ul><\/div>\n<form action=\"\/index.php\/wp-json\/wp\/v2\/pages\/17#wpcf7-f649-o1\" method=\"post\" class=\"wpcf7-form init\" aria-label=\"Modulo di contatto\" novalidate=\"novalidate\" data-status=\"init\">\n<div style=\"display: none;\">\n<input type=\"hidden\" name=\"_wpcf7\" value=\"649\" \/>\n<input type=\"hidden\" name=\"_wpcf7_version\" value=\"5.7.1\" \/>\n<input type=\"hidden\" name=\"_wpcf7_locale\" value=\"it_IT\" \/>\n<input type=\"hidden\" name=\"_wpcf7_unit_tag\" value=\"wpcf7-f649-o1\" \/>\n<input type=\"hidden\" name=\"_wpcf7_container_post\" value=\"0\" \/>\n<input type=\"hidden\" name=\"_wpcf7_posted_data_hash\" value=\"\" \/>\n<\/div>\n<p>Il suo nome (richiesto)\n<\/p>\n<p><span class=\"wpcf7-form-control-wrap\" data-name=\"your-name\"><input size=\"40\" class=\"wpcf7-form-control wpcf7-text wpcf7-validates-as-required\" aria-required=\"true\" aria-invalid=\"false\" value=\"\" type=\"text\" name=\"your-name\" \/><\/span>\n<\/p>\n<p>Il suo indirizzo (richiesto)\n<\/p>\n<p><span id=\"wpcf7-69e9e11772871-wrapper\" class=\"wpcf7-form-control-wrap your-email-wrap\" style=\"display:none !important; visibility:hidden !important;\"><label for=\"wpcf7-69e9e11772871-field\" class=\"hp-message\">Si prega di lasciare vuoto questo campo.<\/label><input id=\"wpcf7-69e9e11772871-field\"  class=\"wpcf7-form-control wpcf7-text\" type=\"text\" name=\"your-email\" value=\"\" size=\"40\" tabindex=\"-1\" autocomplete=\"new-password\" \/><\/span><span class=\"wpcf7-form-control-wrap\" data-name=\"your-epost\"><input size=\"40\" class=\"wpcf7-form-control wpcf7-text wpcf7-email wpcf7-validates-as-required wpcf7-validates-as-email\" aria-required=\"true\" aria-invalid=\"false\" value=\"\" type=\"email\" name=\"your-epost\" \/><\/span>\n<\/p>\n<p>Oggetto\n<\/p>\n<p><span class=\"wpcf7-form-control-wrap\" data-name=\"your-subject\"><input size=\"40\" class=\"wpcf7-form-control wpcf7-text wpcf7-validates-as-required\" aria-required=\"true\" aria-invalid=\"false\" value=\"\" type=\"text\" name=\"your-subject\" \/><\/span>\n<\/p>\n<p>Il suo messaggio\n<\/p>\n<p><span class=\"wpcf7-form-control-wrap\" data-name=\"your-message\"><textarea cols=\"40\" rows=\"10\" class=\"wpcf7-form-control wpcf7-textarea wpcf7-validates-as-required\" aria-required=\"true\" aria-invalid=\"false\" name=\"your-message\"><\/textarea><\/span>\n<\/p>\n<p><input class=\"wpcf7-form-control has-spinner wpcf7-submit\" type=\"submit\" value=\"Invia\" \/>\n<\/p><div class=\"wpcf7-response-output\" aria-hidden=\"true\"><\/div><\/form><\/div><\/div>\n\t\t<\/div><div id=\"panel-17-1-1-2\" class=\"so-panel widget widget_circleicon-widget\" data-index=\"12\" ><div class=\"panel-widget-style panel-widget-style-for-17-1-1-2\" >\t\t<div class=\"circle-icon-box circle-icon-position-top circle-icon-hide-box circle-icon-size-small\">\n\t\t\t<div class=\"circle-icon-wrapper\">\n\t\t\t\t\t\t\t\t<div class=\"circle-icon\" >\n\t\t\t\t\t<div class=\"fa fa-exclamation\" ><\/div>\t\t\t\t<\/div>\n\t\t\t\t\t\t\t<\/div>\n\n\t\t\t\t\t\t<h4 >Notizia!<\/h4>\t\t\t\n\t\t\t<p class=\"text\" >DISTINTIVI\/LOGHI MAGNETICI- I nostri scudetti possono essere ordinati al 99% con la nostra SPECIALE CALAMITA!<\/p>\t\t\t\t\t<\/div>\n\t\t<\/div><\/div><div id=\"panel-17-1-1-3\" class=\"so-panel widget widget_metaslider_widget panel-last-child\" data-index=\"13\" ><h3 class=\"widget-title\">Prodotti<\/h3><div id=\"metaslider-id-349\" style=\"max-width: 1080px;\" class=\"ml-slider-3-28-0 metaslider metaslider-flex metaslider-349 ml-slider nav-hidden\">\n    <div id=\"metaslider_container_349\">\n        <div id=\"metaslider_349\">\n            <ul aria-live=\"polite\" class=\"slides\">\n                <li style=\"display: block; width: 100%;\" class=\"slide-1485 ms-image\"><img src=\"https:\/\/royal-images.de\/wp-content\/uploads\/2016\/02\/cont-product-slide-extras-1.png\" height=\"600\" width=\"1080\" alt=\"Logos\" class=\"slider-349 slide-1485\" \/><\/li>\n                <li style=\"display: none; width: 100%;\" class=\"slide-1588 ms-image\"><img src=\"https:\/\/royal-images.de\/wp-content\/uploads\/2016\/03\/cont-product-slide-extras-3.png\" height=\"600\" width=\"1080\" alt=\"\" class=\"slider-349 slide-1588\" \/><\/li>\n                <li style=\"display: none; width: 100%;\" class=\"slide-500 ms-image\"><img src=\"https:\/\/royal-images.de\/wp-content\/uploads\/2015\/11\/cont-product-slide-krawatten-1.png\" height=\"600\" width=\"1080\" alt=\"\" class=\"slider-349 slide-500\" \/><\/li>\n                <li style=\"display: none; width: 100%;\" class=\"slide-1589 ms-image\"><img src=\"https:\/\/royal-images.de\/wp-content\/uploads\/2016\/03\/cont-product-slide-extras-4.png\" height=\"600\" width=\"1080\" alt=\"\" class=\"slider-349 slide-1589\" \/><\/li>\n                <li style=\"display: none; width: 100%;\" class=\"slide-1590 ms-image\"><img src=\"https:\/\/royal-images.de\/wp-content\/uploads\/2016\/03\/cont-product-slide-extras-5.png\" height=\"600\" width=\"1080\" alt=\"\" class=\"slider-349 slide-1590\" \/><\/li>\n                <li style=\"display: none; width: 100%;\" class=\"slide-343 ms-image\"><img src=\"https:\/\/royal-images.de\/wp-content\/uploads\/2015\/10\/cont-product-slide-fahnen-3.png\" height=\"600\" width=\"1080\" alt=\"\" class=\"slider-349 slide-343\" \/><\/li>\n                <li style=\"display: none; width: 100%;\" class=\"slide-352 ms-image\"><img src=\"https:\/\/royal-images.de\/wp-content\/uploads\/2015\/10\/cont-product-slide-bagtags-1.png\" height=\"600\" width=\"1080\" alt=\"\" class=\"slider-349 slide-352\" \/><\/li>\n                <li style=\"display: none; width: 100%;\" class=\"slide-348 ms-image\"><img src=\"https:\/\/royal-images.de\/wp-content\/uploads\/2015\/10\/cont-product-slide-tischdecken-2.png\" height=\"600\" width=\"1080\" alt=\"\" class=\"slider-349 slide-348\" \/><\/li>\n                <li style=\"display: none; width: 100%;\" class=\"slide-331 ms-image\"><img src=\"https:\/\/royal-images.de\/wp-content\/uploads\/2015\/10\/cont-product-slide-wappen-3.png\" height=\"600\" width=\"1080\" alt=\"\" class=\"slider-349 slide-331\" \/><\/li>\n                <li style=\"display: none; width: 100%;\" class=\"slide-499 ms-image\"><img src=\"https:\/\/royal-images.de\/wp-content\/uploads\/2015\/11\/cont-product-slide-fahnen-2.png\" height=\"600\" width=\"1080\" alt=\"\" class=\"slider-349 slide-499\" \/><\/li>\n                <li style=\"display: none; width: 100%;\" class=\"slide-182 ms-image\"><img src=\"https:\/\/royal-images.de\/wp-content\/uploads\/2015\/10\/cont-product-slide-clubabzeichen-myc.png\" height=\"600\" width=\"1080\" alt=\"\" class=\"slider-349 slide-182\" \/><\/li>\n                <li style=\"display: none; width: 100%;\" class=\"slide-1587 ms-image\"><img src=\"https:\/\/royal-images.de\/wp-content\/uploads\/2016\/03\/cont-product-slide-extras-2.png\" height=\"600\" width=\"1080\" alt=\"\" class=\"slider-349 slide-1587\" \/><\/li>\n            <\/ul>\n        <\/div>\n        \n    <\/div>\n<\/div><\/div><\/div><\/div><\/div>","protected":false},"excerpt":{"rendered":"<p>Royal Images &#8211; LA societ\u00e0 leader del mercato in Europa, con sede in Italia (precedentemente in Germania) \u00e8 da pi\u00f9 di 30 anni il Suo indirizzo di fiducia cui rivolgersi per richiedere pregiatissimi ed eleganti scudetti e distintivi magnetici ricamati a mano. Con molto orgoglio possiamo dire che Royal Images ha inventato e perfezionato nel corso degli anni gli speciali DISTINTIVI MAGNETICI DEL GOLF, tanto amati dai frequentatori dei golf club. Fra i nostri clienti pi\u00f9 entusiasti annoveriamo &#8211; per il solo golf &#8211; oltre 1.000 (!!!) Golf club dell&#8217;area europea. Approfitti della nostra decennale esperienza nella realizzazione di distintivi da giacca di alta qualit\u00e0, oltre che della nostra innovativa [&hellip;]<\/p>\n","protected":false},"author":3,"featured_media":0,"parent":0,"menu_order":0,"comment_status":"closed","ping_status":"closed","template":"home-panels.php","meta":[],"language":[7],"_links":{"self":[{"href":"https:\/\/royal-images.de\/index.php\/wp-json\/wp\/v2\/pages\/17"}],"collection":[{"href":"https:\/\/royal-images.de\/index.php\/wp-json\/wp\/v2\/pages"}],"about":[{"href":"https:\/\/royal-images.de\/index.php\/wp-json\/wp\/v2\/types\/page"}],"author":[{"embeddable":true,"href":"https:\/\/royal-images.de\/index.php\/wp-json\/wp\/v2\/users\/3"}],"replies":[{"embeddable":true,"href":"https:\/\/royal-images.de\/index.php\/wp-json\/wp\/v2\/comments?post=17"}],"version-history":[{"count":35,"href":"https:\/\/royal-images.de\/index.php\/wp-json\/wp\/v2\/pages\/17\/revisions"}],"predecessor-version":[{"id":25838,"href":"https:\/\/royal-images.de\/index.php\/wp-json\/wp\/v2\/pages\/17\/revisions\/25838"}],"wp:attachment":[{"href":"https:\/\/royal-images.de\/index.php\/wp-json\/wp\/v2\/media?parent=17"}],"wp:term":[{"taxonomy":"language","embeddable":true,"href":"https:\/\/royal-images.de\/index.php\/wp-json\/wp\/v2\/language?post=17"}],"curies":[{"name":"wp","href":"https:\/\/api.w.org\/{rel}","templated":true}]}}